{"id":1583,"date":"2025-08-12T09:39:46","date_gmt":"2025-08-12T01:39:46","guid":{"rendered":"https:\/\/zmgs-global.com\/?post_type=product&#038;p=1583"},"modified":"2025-12-23T11:20:45","modified_gmt":"2025-12-23T03:20:45","slug":"xqp-series-frequency-sensitive-starting-cabinet","status":"publish","type":"product","link":"https:\/\/zmgs-global.com\/vi\/product\/xqp-series-frequency-sensitive-starting-cabinet","title":{"rendered":"T\u1ee7 kh\u1edfi \u0111\u1ed9ng nh\u1ea1y t\u1ea7n s\u1ed1 d\u00f2ng XQP"},"content":{"rendered":"<div id=\"ez-toc-container\" class=\"ez-toc-v2_0_82_2 counter-hierarchy ez-toc-counter ez-toc-grey ez-toc-container-direction\">\n<div class=\"ez-toc-title-container\">\n<p class=\"ez-toc-title\" style=\"cursor:inherit\">M\u1ee5c l\u1ee5c<\/p>\n<span class=\"ez-toc-title-toggle\"><\/span><\/div>\n<nav><ul class='ez-toc-list ez-toc-list-level-1' ><li class='ez-toc-page-1 ez-toc-heading-level-2'><a class=\"ez-toc-link ez-toc-heading-1\" href=\"https:\/\/zmgs-global.com\/vi\/product\/xqp-series-frequency-sensitive-starting-cabinet\/#Application\" >\u0110\u01a1n \u0111\u0103ng k\u00fd<\/a><\/li><li class='ez-toc-page-1 ez-toc-heading-level-2'><a class=\"ez-toc-link ez-toc-heading-2\" href=\"https:\/\/zmgs-global.com\/vi\/product\/xqp-series-frequency-sensitive-starting-cabinet\/#Main_fucntions_and_features\" >Main fucntions and features<\/a><\/li><li class='ez-toc-page-1 ez-toc-heading-level-2'><a class=\"ez-toc-link ez-toc-heading-3\" href=\"https:\/\/zmgs-global.com\/vi\/product\/xqp-series-frequency-sensitive-starting-cabinet\/#Main_Technical_Data\" >Main Technical Data<\/a><\/li><li class='ez-toc-page-1 ez-toc-heading-level-2'><a class=\"ez-toc-link ez-toc-heading-4\" href=\"https:\/\/zmgs-global.com\/vi\/product\/xqp-series-frequency-sensitive-starting-cabinet\/#External_And_Installation_Size\" >External And Installation Size<\/a><\/li><\/ul><\/nav><\/div>\n<h2 class=\"wp-block-heading\"><span class=\"ez-toc-section\" id=\"Application\"><\/span><strong>\u0110\u01a1n \u0111\u0103ng k\u00fd<\/strong><span class=\"ez-toc-section-end\"><\/span><\/h2>\n\n\n\n<p>XQP series starting cabinet is applicable to three-phase &nbsp;AC 50HZ\/380V , 300KW or below, for starting, running and stopping &nbsp;control. It also can be used for occasions where&nbsp;require infrequent and irreversible operation.<\/p>\n\n\n\n<h2 class=\"wp-block-heading\"><span class=\"ez-toc-section\" id=\"Main_fucntions_and_features\"><\/span><strong>Main fucntions and features<\/strong><strong><\/strong><span class=\"ez-toc-section-end\"><\/span><\/h2>\n\n\n\n<p>The starting process of the starter cabinet is connected with a frequency sensitive varistor in the rotor circuit. The impedance value decreases with the increase of the motor speed, and the impedance at the start is large, so as to limit the starting current. The starter cabinet has short circuit, phase failure and overload protection.<\/p>\n\n\n\n<h2 class=\"wp-block-heading\"><span class=\"ez-toc-section\" id=\"Main_Technical_Data\"><\/span><strong>Main Technical Data<\/strong><span class=\"ez-toc-section-end\"><\/span><\/h2>\n\n\n\n<figure class=\"wp-block-image size-full\"><img fetchpriority=\"high\" decoding=\"async\" width=\"672\" height=\"646\" src=\"https:\/\/zmgs-global.com\/wp-content\/uploads\/2025\/12\/XQP-frequency-sensitive-starting-cabinet.jpg\" alt=\"\" class=\"wp-image-1585\"\/><\/figure>\n\n\n\n<h2 class=\"wp-block-heading\"><span class=\"ez-toc-section\" id=\"External_And_Installation_Size\"><\/span><strong>External And Installation Size<\/strong><span class=\"ez-toc-section-end\"><\/span><\/h2>\n\n\n\n<figure class=\"wp-block-image size-full\"><img decoding=\"async\" width=\"315\" height=\"384\" src=\"https:\/\/zmgs-global.com\/wp-content\/uploads\/2025\/12\/External-And-Installation-Size.jpg\" alt=\"\" class=\"wp-image-1586\"\/><\/figure>\n\n\n\n<p><\/p>","protected":false},"excerpt":{"rendered":"Application XQP series starting cabinet is applicable to three-phase &nbsp;AC 50HZ\/380V , 300KW or below, for starting, running and stopping &nbsp;control. It also can be used for occasions where&nbsp;require infrequent and irreversible operation. Main fucntions and features The starting process of the starter cabinet is connected with a frequency sensitive varistor in the rotor circuit. [&hellip;]","protected":false},"featured_media":1584,"menu_order":0,"template":"","meta":[],"products":[28],"class_list":["post-1583","product","type-product","status-publish","has-post-thumbnail","hentry","products-panel-cabinet"],"acf":[],"_links":{"self":[{"href":"https:\/\/zmgs-global.com\/vi\/wp-json\/wp\/v2\/product\/1583","targetHints":{"allow":["GET"]}}],"collection":[{"href":"https:\/\/zmgs-global.com\/vi\/wp-json\/wp\/v2\/product"}],"about":[{"href":"https:\/\/zmgs-global.com\/vi\/wp-json\/wp\/v2\/types\/product"}],"version-history":[{"count":0,"href":"https:\/\/zmgs-global.com\/vi\/wp-json\/wp\/v2\/product\/1583\/revisions"}],"wp:featuredmedia":[{"embeddable":true,"href":"https:\/\/zmgs-global.com\/vi\/wp-json\/wp\/v2\/media\/1584"}],"wp:attachment":[{"href":"https:\/\/zmgs-global.com\/vi\/wp-json\/wp\/v2\/media?parent=1583"}],"wp:term":[{"taxonomy":"products","embeddable":true,"href":"https:\/\/zmgs-global.com\/vi\/wp-json\/wp\/v2\/products?post=1583"}],"curies":[{"name":"wp","href":"https:\/\/api.w.org\/{rel}","templated":true}]}}