{"id":1471,"date":"2025-08-03T13:13:28","date_gmt":"2025-08-03T05:13:28","guid":{"rendered":"https:\/\/zmgs-global.com\/?post_type=product&#038;p=1471"},"modified":"2025-12-23T10:16:23","modified_gmt":"2025-12-23T02:16:23","slug":"tbbx-high-voltage-local-reactive-compensation-device","status":"publish","type":"product","link":"https:\/\/zmgs-global.com\/vi\/product\/tbbx-high-voltage-local-reactive-compensation-device","title":{"rendered":"TBBX High-Voltage Local Reactive Compensation Device"},"content":{"rendered":"<div id=\"ez-toc-container\" class=\"ez-toc-v2_0_82_2 counter-hierarchy ez-toc-counter ez-toc-grey ez-toc-container-direction\">\n<div class=\"ez-toc-title-container\">\n<p class=\"ez-toc-title\" style=\"cursor:inherit\">M\u1ee5c l\u1ee5c<\/p>\n<span class=\"ez-toc-title-toggle\"><\/span><\/div>\n<nav><ul class='ez-toc-list ez-toc-list-level-1' ><li class='ez-toc-page-1 ez-toc-heading-level-2'><a class=\"ez-toc-link ez-toc-heading-1\" href=\"https:\/\/zmgs-global.com\/vi\/product\/tbbx-high-voltage-local-reactive-compensation-device\/#Application\" >\u0110\u01a1n \u0111\u0103ng k\u00fd<\/a><\/li><li class='ez-toc-page-1 ez-toc-heading-level-2'><a class=\"ez-toc-link ez-toc-heading-2\" href=\"https:\/\/zmgs-global.com\/vi\/product\/tbbx-high-voltage-local-reactive-compensation-device\/#Model_and_implication\" >Model and implication<\/a><\/li><li class='ez-toc-page-1 ez-toc-heading-level-2'><a class=\"ez-toc-link ez-toc-heading-3\" href=\"https:\/\/zmgs-global.com\/vi\/product\/tbbx-high-voltage-local-reactive-compensation-device\/#Working_Conditions\" >Working Conditions<\/a><\/li><li class='ez-toc-page-1 ez-toc-heading-level-2'><a class=\"ez-toc-link ez-toc-heading-4\" href=\"https:\/\/zmgs-global.com\/vi\/product\/tbbx-high-voltage-local-reactive-compensation-device\/#Structure\" >Structure<\/a><\/li><li class='ez-toc-page-1 ez-toc-heading-level-2'><a class=\"ez-toc-link ez-toc-heading-5\" href=\"https:\/\/zmgs-global.com\/vi\/product\/tbbx-high-voltage-local-reactive-compensation-device\/#Selection\" >Selection<\/a><\/li><li class='ez-toc-page-1 ez-toc-heading-level-2'><a class=\"ez-toc-link ez-toc-heading-6\" href=\"https:\/\/zmgs-global.com\/vi\/product\/tbbx-high-voltage-local-reactive-compensation-device\/#Technical_Parameter\" >Technical Parameter<\/a><\/li><li class='ez-toc-page-1 ez-toc-heading-level-2'><a class=\"ez-toc-link ez-toc-heading-7\" href=\"https:\/\/zmgs-global.com\/vi\/product\/tbbx-high-voltage-local-reactive-compensation-device\/#External_Size\" >External &nbsp;Size<\/a><\/li><\/ul><\/nav><\/div>\n<h2 class=\"wp-block-heading\"><span class=\"ez-toc-section\" id=\"Application\"><\/span>\u0110\u01a1n \u0111\u0103ng k\u00fd<span class=\"ez-toc-section-end\"><\/span><\/h2>\n\n\n\n<p>TBBX type high-voltage local reactive compensation\u00a0device (hereinafter call compensating device) is of\u00a0indoor use, for rated voltage 6-10KV, 50Hz, system\u00a0to locally compensate reactive power for 6-10KV 3-P\u00a0AC motor and to lessen the electric loss, \u00a0improve\u00a0electric quality and motor starting performance, the\u00a0compensating device will be switched on\/off along\u00a0with the motor on\/off. The effect is better than the\u00a0central compensation.<\/p>\n\n\n\n<h2 class=\"wp-block-heading\"><span class=\"ez-toc-section\" id=\"Model_and_implication\"><\/span>Model and implication<span class=\"ez-toc-section-end\"><\/span><\/h2>\n\n\n\n<figure class=\"wp-block-image size-full\"><img fetchpriority=\"high\" decoding=\"async\" width=\"400\" height=\"202\" src=\"https:\/\/zmgs-global.com\/wp-content\/uploads\/2025\/12\/TBBX-HIGH-VOLTAGE-3.jpg\" alt=\"\" class=\"wp-image-1473\"\/><\/figure>\n\n\n\n<h2 class=\"wp-block-heading\"><span class=\"ez-toc-section\" id=\"Working_Conditions\"><\/span><strong>Working Conditions<\/strong><span class=\"ez-toc-section-end\"><\/span><\/h2>\n\n\n\n<p>&nbsp; &nbsp; &nbsp;1.Indoor use<br>&nbsp; &nbsp; &nbsp;2.Altitude not more than 1000m<br>&nbsp; &nbsp; &nbsp;3.Ambient temperature: -10~ 40<br>&nbsp; &nbsp; &nbsp;4.Mounting sites shall have no bacterium, corrosive gas, explosive&nbsp;particles, conductive dusts, and no severe vibration<br>&nbsp; &nbsp; &nbsp;5.Relative humidity: daily average: &lt; 95%, month average: &lt; 90%<br>&nbsp; &nbsp; &nbsp;6.This device is only suitable for continuous working motor that it&nbsp;has no severe fluctuated loading, &nbsp;inverse rotation or inverse<\/p>\n\n\n\n<p>&nbsp; &nbsp; &nbsp; &nbsp; braking is&nbsp;forbidden, and it is not allowed to connect with speed adjustable motor.<\/p>\n\n\n\n<p>&nbsp; &nbsp; &nbsp;7.Rated voltage: 6-10KV<br>&nbsp; &nbsp; &nbsp;8.Rated capacity as above sheet<br>&nbsp; &nbsp; &nbsp;9.Rated current as above sheet<br>&nbsp; &nbsp; 10.Wiring mode: Y (star) connected, neutral line earthed<\/p>\n\n\n\n<h2 class=\"wp-block-heading\"><span class=\"ez-toc-section\" id=\"Structure\"><\/span><strong>Structure<\/strong><span class=\"ez-toc-section-end\"><\/span><\/h2>\n\n\n\n<p>The enclosure of the device can be made of panel material or steel bent&nbsp;formation, the panel upper part is meter door, downward part is steel&nbsp;door, inside door is provided with safe lock, rear panel is left ventilating door&nbsp;which it is locked by spiral lock, at normal working, this do or is not allowed&nbsp;to open except that the power is out of supply<\/p>\n\n\n\n<h2 class=\"wp-block-heading\"><span class=\"ez-toc-section\" id=\"Selection\"><\/span><strong>Selection<\/strong><span class=\"ez-toc-section-end\"><\/span><\/h2>\n\n\n\n<p>1.Rated voltage of the device shall be equal the system voltage<br>2.Rated voltage of the device shall be not bigger than motor no-loading current.<br>3.Calculation of compensated capacity: &nbsp;as the methods of GGJ low&nbsp;voltage reactive auto compensation device.<\/p>\n\n\n\n<h2 class=\"wp-block-heading\"><span class=\"ez-toc-section\" id=\"Technical_Parameter\"><\/span>Technical Parameter<br><span class=\"ez-toc-section-end\"><\/span><\/h2>\n\n\n\n<figure class=\"wp-block-image size-full\"><img decoding=\"async\" width=\"860\" height=\"681\" src=\"https:\/\/zmgs-global.com\/wp-content\/uploads\/2025\/12\/TBBX-HIGH-VOLTAGE-DEVICE-TECHNICAL.jpg\" alt=\"\" class=\"wp-image-1474\" srcset=\"https:\/\/zmgs-global.com\/wp-content\/uploads\/2025\/12\/TBBX-HIGH-VOLTAGE-DEVICE-TECHNICAL.jpg 860w, https:\/\/zmgs-global.com\/wp-content\/uploads\/2025\/12\/TBBX-HIGH-VOLTAGE-DEVICE-TECHNICAL-768x608.jpg 768w\" sizes=\"(max-width: 860px) 100vw, 860px\" \/><\/figure>\n\n\n\n<h2 class=\"wp-block-heading\"><span class=\"ez-toc-section\" id=\"External_Size\"><\/span><strong>External &nbsp;Size<\/strong><span class=\"ez-toc-section-end\"><\/span><\/h2>\n\n\n\n<figure class=\"wp-block-image size-full\"><img decoding=\"async\" width=\"931\" height=\"396\" src=\"https:\/\/zmgs-global.com\/wp-content\/uploads\/2025\/12\/External-Size.jpg\" alt=\"\" class=\"wp-image-1475\" srcset=\"https:\/\/zmgs-global.com\/wp-content\/uploads\/2025\/12\/External-Size.jpg 931w, https:\/\/zmgs-global.com\/wp-content\/uploads\/2025\/12\/External-Size-768x327.jpg 768w\" sizes=\"(max-width: 931px) 100vw, 931px\" \/><\/figure>","protected":false},"excerpt":{"rendered":"Application TBBX type high-voltage local reactive compensation\u00a0device (hereinafter call compensating device) is of\u00a0indoor use, for rated voltage 6-10KV, 50Hz, system\u00a0to locally compensate reactive power for 6-10KV 3-P\u00a0AC motor and to lessen the electric loss, \u00a0improve\u00a0electric quality and motor starting performance, the\u00a0compensating device will be switched on\/off along\u00a0with the motor on\/off. The effect is better than [&hellip;]","protected":false},"featured_media":1472,"menu_order":0,"template":"","meta":[],"products":[28],"class_list":["post-1471","product","type-product","status-publish","has-post-thumbnail","hentry","products-panel-cabinet"],"acf":[],"_links":{"self":[{"href":"https:\/\/zmgs-global.com\/vi\/wp-json\/wp\/v2\/product\/1471","targetHints":{"allow":["GET"]}}],"collection":[{"href":"https:\/\/zmgs-global.com\/vi\/wp-json\/wp\/v2\/product"}],"about":[{"href":"https:\/\/zmgs-global.com\/vi\/wp-json\/wp\/v2\/types\/product"}],"version-history":[{"count":0,"href":"https:\/\/zmgs-global.com\/vi\/wp-json\/wp\/v2\/product\/1471\/revisions"}],"wp:featuredmedia":[{"embeddable":true,"href":"https:\/\/zmgs-global.com\/vi\/wp-json\/wp\/v2\/media\/1472"}],"wp:attachment":[{"href":"https:\/\/zmgs-global.com\/vi\/wp-json\/wp\/v2\/media?parent=1471"}],"wp:term":[{"taxonomy":"products","embeddable":true,"href":"https:\/\/zmgs-global.com\/vi\/wp-json\/wp\/v2\/products?post=1471"}],"curies":[{"name":"wp","href":"https:\/\/api.w.org\/{rel}","templated":true}]}}