{"id":1395,"date":"2025-12-01T13:02:29","date_gmt":"2025-12-01T05:02:29","guid":{"rendered":"https:\/\/zmgs-global.com\/?post_type=product&#038;p=1395"},"modified":"2025-12-23T09:53:21","modified_gmt":"2025-12-23T01:53:21","slug":"tbbx-low-voltage-reactive-field-compensator","status":"publish","type":"product","link":"https:\/\/zmgs-global.com\/vi\/product\/tbbx-low-voltage-reactive-field-compensator","title":{"rendered":"TBBX - Thi\u1ebft b\u1ecb b\u00f9 ph\u1ea3n kh\u00e1ng \u0111i\u1ec7n \u00e1p th\u1ea5p"},"content":{"rendered":"<div id=\"ez-toc-container\" class=\"ez-toc-v2_0_82_2 counter-hierarchy ez-toc-counter ez-toc-grey ez-toc-container-direction\">\n<div class=\"ez-toc-title-container\">\n<p class=\"ez-toc-title\" style=\"cursor:inherit\">M\u1ee5c l\u1ee5c<\/p>\n<span class=\"ez-toc-title-toggle\"><\/span><\/div>\n<nav><ul class='ez-toc-list ez-toc-list-level-1' ><li class='ez-toc-page-1 ez-toc-heading-level-2'><a class=\"ez-toc-link ez-toc-heading-1\" href=\"https:\/\/zmgs-global.com\/vi\/product\/tbbx-low-voltage-reactive-field-compensator\/#Application\" >\u0110\u01a1n \u0111\u0103ng k\u00fd<\/a><\/li><li class='ez-toc-page-1 ez-toc-heading-level-2'><a class=\"ez-toc-link ez-toc-heading-2\" href=\"https:\/\/zmgs-global.com\/vi\/product\/tbbx-low-voltage-reactive-field-compensator\/#Normal_working_conditions_and_installation_conditions\" >\u0110i\u1ec1u ki\u1ec7n l\u00e0m vi\u1ec7c v\u00e0 l\u1eafp \u0111\u1eb7t b\u00ecnh th\u01b0\u1eddng<\/a><\/li><li class='ez-toc-page-1 ez-toc-heading-level-2'><a class=\"ez-toc-link ez-toc-heading-3\" href=\"https:\/\/zmgs-global.com\/vi\/product\/tbbx-low-voltage-reactive-field-compensator\/#Main_Characteristics\" >C\u00e1c \u0111\u1eb7c \u0111i\u1ec3m ch\u00ednh<\/a><\/li><li class='ez-toc-page-1 ez-toc-heading-level-2'><a class=\"ez-toc-link ez-toc-heading-4\" href=\"https:\/\/zmgs-global.com\/vi\/product\/tbbx-low-voltage-reactive-field-compensator\/#Overall_Dimension\" >K\u00edch th\u01b0\u1edbc t\u1ed5ng th\u1ec3<\/a><\/li><\/ul><\/nav><\/div>\n<h2 class=\"wp-block-heading\"><span class=\"ez-toc-section\" id=\"Application\"><\/span>\u0110\u01a1n \u0111\u0103ng k\u00fd<span class=\"ez-toc-section-end\"><\/span><\/h2>\n\n\n\n<p>B\u1ed9 b\u00f9 ph\u1ea3n kh\u00e1ng t\u1eeb tr\u01b0\u1eddng lo\u1ea1i TBBX th\u01b0\u01a1ng hi\u1ec7u ZHIMING l\u00e0 m\u1ed9t s\u1ea3n ph\u1ea9m ti\u1ebft ki\u1ec7m n\u0103ng l\u01b0\u1ee3ng \u0111\u01b0\u1ee3c c\u00f4ng ty ph\u00e1t tri\u1ec3n d\u1ef1a tr\u00ean c\u00f4ng ngh\u1ec7 t\u1ee5 b\u00f9 song song t\u1ef1 ph\u1ee5c h\u1ed3i, Thi\u1ebft b\u1ecb \u0111\u01b0\u1ee3c l\u1eafp \u0111\u1eb7t b\u00ean c\u1ea1nh t\u1ea3i c\u1ea3m \u1ee9ng v\u00e0 \u0111\u01b0\u1ee3c n\u1ed1i song song v\u1edbi n\u00f3 trong c\u00f9ng m\u1ed9t m\u1ea1ch \u0111\u1ec3 ho\u1ea1t \u0111\u1ed9ng \u0111\u1ed3ng b\u1ed9, t\u1eeb \u0111\u00f3 th\u1ef1c hi\u1ec7n b\u00f9 ph\u1ea3n kh\u00e1ng tr\u1ef1c ti\u1ebfp. K\u1ebft qu\u1ea3 l\u00e0, h\u1ec7 s\u1ed1 c\u00f4ng su\u1ea5t c\u1ee7a m\u1ea1ng \u0111i\u1ec7n \u0111\u01b0\u1ee3c c\u1ea3i thi\u1ec7n, t\u1ed5n th\u1ea5t \u0111\u01b0\u1eddng d\u00e2y gi\u1ea3m, \u0111i\u1ec7n \u00e1p c\u1ea5p cho t\u1ea3i cu\u1ed1i \u0111\u01b0\u1ee3c n\u00e2ng cao v\u00e0 ti\u1ec1m n\u0103ng cung c\u1ea5p c\u1ee7a h\u1ec7 th\u1ed1ng ph\u00e2n ph\u1ed1i \u0111\u01b0\u1ee3c ph\u00e1t tri\u1ec3n m\u1ed9t c\u00e1ch c\u01a1 b\u1ea3n. Thi\u1ebft b\u1ecb n\u00e0y \u0111\u01b0\u1ee3c \u1ee9ng d\u1ee5ng r\u1ed9ng r\u00e3i trong h\u1ec7 th\u1ed1ng ph\u00e2n ph\u1ed1i \u0111i\u1ec7n \u00e1p th\u1ea5p c\u1ee7a c\u00e1c doanh nghi\u1ec7p c\u00f4ng nghi\u1ec7p v\u00e0 khai th\u00e1c m\u1ecf, trung t\u00e2m th\u01b0\u01a1ng m\u1ea1i v\u00e0 t\u00f2a nh\u00e0, c\u0169ng nh\u01b0 m\u1ea1ng l\u01b0\u1edbi \u0111i\u1ec7n c\u1ee7a c\u00e1c qu\u1ed1c gia \u0111\u1ec3 th\u1ef1c hi\u1ec7n b\u00f9 ph\u1ea3n kh\u00e1ng t\u1ea1i ch\u1ed7 cho t\u1ea3i c\u1ea3m \u1ee9ng.<\/p>\n\n\n\n<h2 class=\"wp-block-heading\"><span class=\"ez-toc-section\" id=\"Normal_working_conditions_and_installation_conditions\"><\/span>\u0110i\u1ec1u ki\u1ec7n l\u00e0m vi\u1ec7c v\u00e0 l\u1eafp \u0111\u1eb7t b\u00ecnh th\u01b0\u1eddng<span class=\"ez-toc-section-end\"><\/span><\/h2>\n\n\n\n<p>\u0110i\u1ec1u ki\u1ec7n s\u1eed d\u1ee5ng: \u0110\u1ed9 cao &lt;2000m; Nhi\u1ec7t \u0111\u1ed9 m\u00f4i tr\u01b0\u1eddng -25\u00b0C~+50\u00b0C; \u0110\u1ed9 \u1ea9m &lt;90% \u1edf 35\u00b0C.<br>\u0110i\u1ec7n \u00e1p \u0111\u1ecbnh m\u1ee9c: 400V 50Hz<br>C\u00f4ng su\u1ea5t \u0111\u1ecbnh m\u1ee9c: 1~100 kVar<br>Dung sai \u0111i\u1ec7n dung: 0~+15%<br>\u0110\u01b0\u1eddng ti\u1ebfp tuy\u1ebfn c\u1ee7a g\u00f3c t\u1ed5n th\u1ea5t: &lt;0,2%<br>\u0110i\u1ec7n \u00e1p qu\u00e1 \u00e1p t\u1ed1i \u0111a cho ph\u00e9p: \u0110i\u1ec7n \u00e1p \u0111\u1ecbnh m\u1ee9c 110% D\u00f2ng \u0111i\u1ec7n qu\u00e1 t\u1ea3i t\u1ed1i \u0111a cho ph\u00e9p: D\u00f2ng \u0111i\u1ec7n \u0111\u1ecbnh m\u1ee9c 130% T\u00ednh ch\u1ea5t c\u00e1ch \u0111i\u1ec7n: H\u01a1n 1000 M\u03a9 gi\u1eefa c\u1ef1c v\u00e0 v\u1ecf m\u00e1y \u0110\u1eb7c t\u00ednh t\u1ef1 x\u1ea3: Sau khi t\u1eaft ngu\u1ed3n 3 ph\u00fat, \u0111i\u1ec7n \u00e1p d\u01b0 gi\u1ea3m xu\u1ed1ng d\u01b0\u1edbi 50.<\/p>\n\n\n\n<div class=\"wp-block-group\"><div class=\"wp-block-group__inner-container is-layout-constrained wp-block-group-is-layout-constrained\">\n<h2 class=\"wp-block-heading\"><span class=\"ez-toc-section\" id=\"Main_Characteristics\"><\/span>C\u00e1c \u0111\u1eb7c \u0111i\u1ec3m ch\u00ednh<span class=\"ez-toc-section-end\"><\/span><\/h2>\n<\/div><\/div>\n\n\n\n<p>C\u01a1 c\u1ea5u tr\u1ea3 l\u01b0\u01a1ng linh ho\u1ea1t, tr\u1ef1c ti\u1ebfp v\u00e0 hi\u1ec7u qu\u1ea3 cao<br>Ki\u1ebfm l\u1ee3i nhu\u1eadn cao v\u1edbi s\u1ed1 v\u1ed1n \u0111\u1ea7u t\u01b0 nh\u1ecf. <br>N\u00f3i chung, s\u1ed1 ti\u1ec1n ti\u1ebft ki\u1ec7m \u0111\u01b0\u1ee3c t\u1eeb chi ph\u00ed \u0111i\u1ec7n trong v\u00f2ng s\u00e1u th\u00e1ng khi s\u1eed d\u1ee5ng thi\u1ebft b\u1ecb n\u00e0y t\u01b0\u01a1ng \u0111\u01b0\u01a1ng v\u1edbi s\u1ed1 ti\u1ec1n \u0111\u1ea7u t\u01b0, do \u0111\u00f3 l\u1ee3i \u00edch kinh t\u1ebf l\u00e0 r\u1ea5t r\u00f5 r\u00e0ng.<br>K\u00edch th\u01b0\u1edbc nh\u1ecf g\u1ecdn v\u00e0 tr\u1ecdng l\u01b0\u1ee3ng nh\u1eb9.  <br>L\u1eafp \u0111\u1eb7t thu\u1eadn ti\u1ec7n, v\u1eadn h\u00e0nh an to\u00e0n v\u00e0 \u0111\u00e1ng tin c\u1eady.<\/p>\n\n\n\n<h2 class=\"wp-block-heading\"><span class=\"ez-toc-section\" id=\"Overall_Dimension\"><\/span>K\u00edch th\u01b0\u1edbc t\u1ed5ng th\u1ec3<span class=\"ez-toc-section-end\"><\/span><\/h2>\n\n\n\n<figure class=\"wp-block-image size-full\"><img fetchpriority=\"high\" decoding=\"async\" width=\"352\" height=\"279\" src=\"https:\/\/zmgs-global.com\/wp-content\/uploads\/2025\/12\/size.png\" alt=\"\" class=\"wp-image-1398\"\/><\/figure>\n\n\n\n<figure class=\"wp-block-table\"><table class=\"has-fixed-layout\"><tbody><tr><td>Th\u00f4ng s\u1ed1 k\u1ef9 thu\u1eadt<\/td><td>A<\/td><td>B<\/td><td>H<\/td><\/tr><tr><td>1\u201310 kVAR<\/td><td>220<\/td><td>100<\/td><td>300<\/td><\/tr><tr><td>11\u201316 Kvar<\/td><td>220<\/td><td>100<\/td><td>400<\/td><\/tr><tr><td>17\u201322 kV<\/td><td>230<\/td><td>140<\/td><td>400<\/td><\/tr><tr><td>23\u201340 kV<\/td><td>300<\/td><td>230<\/td><td>400<\/td><\/tr><tr><td>45\u201360 kVAR<\/td><td>300<\/td><td>250<\/td><td>550<\/td><\/tr><tr><td>65\u2013100 kVAR<\/td><td>500<\/td><td>250<\/td><td>550<\/td><\/tr><\/tbody><\/table><\/figure>","protected":false},"excerpt":{"rendered":"Application ZHIMING brand of TBBX type reactive field compensator is a kind of energy-saving product developed through the self healing type of shunt capacitor by the company, The device is mounted beside the in ductive load and shunted with it infield to operate synchronously so as to do reactive compensation directly, As a result, the [&hellip;]","protected":false},"featured_media":1396,"menu_order":0,"template":"","meta":[],"products":[28],"class_list":["post-1395","product","type-product","status-publish","has-post-thumbnail","hentry","products-panel-cabinet"],"acf":[],"_links":{"self":[{"href":"https:\/\/zmgs-global.com\/vi\/wp-json\/wp\/v2\/product\/1395","targetHints":{"allow":["GET"]}}],"collection":[{"href":"https:\/\/zmgs-global.com\/vi\/wp-json\/wp\/v2\/product"}],"about":[{"href":"https:\/\/zmgs-global.com\/vi\/wp-json\/wp\/v2\/types\/product"}],"version-history":[{"count":0,"href":"https:\/\/zmgs-global.com\/vi\/wp-json\/wp\/v2\/product\/1395\/revisions"}],"wp:featuredmedia":[{"embeddable":true,"href":"https:\/\/zmgs-global.com\/vi\/wp-json\/wp\/v2\/media\/1396"}],"wp:attachment":[{"href":"https:\/\/zmgs-global.com\/vi\/wp-json\/wp\/v2\/media?parent=1395"}],"wp:term":[{"taxonomy":"products","embeddable":true,"href":"https:\/\/zmgs-global.com\/vi\/wp-json\/wp\/v2\/products?post=1395"}],"curies":[{"name":"wp","href":"https:\/\/api.w.org\/{rel}","templated":true}]}}