{"id":114,"date":"2025-07-24T12:37:43","date_gmt":"2025-07-24T04:37:43","guid":{"rendered":"https:\/\/mediumslateblue-chimpanzee-835813.hostingersite.com\/?page_id=114"},"modified":"2025-07-24T12:37:46","modified_gmt":"2025-07-24T04:37:46","slug":"cookie-policy","status":"publish","type":"page","link":"https:\/\/zmgs-global.com\/vi\/cookie-policy","title":{"rendered":"Ch\u00ednh s\u00e1ch v\u1ec1 cookie"},"content":{"rendered":"<h3 class=\"wp-block-heading\"><strong>1. Gi\u1edbi thi\u1ec7u\u200b<\/strong>\u200b<\/h3>\n\n\n\n<p>Ch\u00ednh s\u00e1ch Cookie n\u00e0y gi\u1ea3i th\u00edch c\u00e1ch ZHIMING GROUP (\u201cch\u00fang t\u00f4i\u201d ho\u1eb7c \u201cc\u1ee7a ch\u00fang t\u00f4i\u201d) s\u1eed d\u1ee5ng cookie v\u00e0 c\u00e1c c\u00f4ng ngh\u1ec7 theo d\u00f5i t\u01b0\u01a1ng t\u1ef1 khi b\u1ea1n truy c\u1eadp trang web c\u1ee7a ch\u00fang t\u00f4i (www.zhiming-group.com) ho\u1eb7c t\u01b0\u01a1ng t\u00e1c v\u1edbi c\u00e1c d\u1ecbch v\u1ee5 k\u1ef9 thu\u1eadt s\u1ed1 c\u1ee7a ch\u00fang t\u00f4i. B\u1eb1ng vi\u1ec7c ti\u1ebfp t\u1ee5c s\u1eed d\u1ee5ng trang web c\u1ee7a ch\u00fang t\u00f4i, b\u1ea1n \u0111\u1ed3ng \u00fd v\u1edbi vi\u1ec7c s\u1eed d\u1ee5ng cookie theo ch\u00ednh s\u00e1ch n\u00e0y.<\/p>\n\n\n\n<hr class=\"wp-block-separator has-alpha-channel-opacity\"\/>\n\n\n\n<h3 class=\"wp-block-heading\">\u200b<strong>2. Cookie l\u00e0 g\u00ec?<\/strong>\u200b<\/h3>\n\n\n\n<p>Cookie l\u00e0 nh\u1eefng t\u1ec7p v\u0103n b\u1ea3n nh\u1ecf \u0111\u01b0\u1ee3c l\u01b0u tr\u1eef tr\u00ean thi\u1ebft b\u1ecb c\u1ee7a b\u1ea1n (m\u00e1y t\u00ednh, \u0111i\u1ec7n tho\u1ea1i th\u00f4ng minh ho\u1eb7c m\u00e1y t\u00ednh b\u1ea3ng) khi b\u1ea1n truy c\u1eadp m\u1ed9t trang web. Ch\u00fang gi\u00fap trang web ghi nh\u1edb c\u00e1c t\u00f9y ch\u1ecdn c\u1ee7a b\u1ea1n, ph\u00e2n t\u00edch xu h\u01b0\u1edbng v\u00e0 c\u1ea3i thi\u1ec7n tr\u1ea3i nghi\u1ec7m ng\u01b0\u1eddi d\u00f9ng.<\/p>\n\n\n\n<p>Ch\u00fang t\u00f4i c\u0169ng s\u1eed d\u1ee5ng c\u00e1c c\u00f4ng ngh\u1ec7 theo d\u00f5i kh\u00e1c nh\u01b0:<\/p>\n\n\n\n<ul class=\"wp-block-list\">\n<li>\u200b<strong>\u200bWeb beacon\u200b<\/strong>(h\u00ecnh \u1ea3nh pixel trong su\u1ed1t)<\/li>\n\n\n\n<li>\u200b<strong>B\u1ed9 nh\u1edb c\u1ee5c b\u1ed9<\/strong>\u200b (HTML5)<\/li>\n\n\n\n<li>\u200b<strong>\u200bM\u00e3 th\u00f4ng b\u00e1o phi\u00ean\u200b<\/strong>\u200b<\/li>\n<\/ul>\n\n\n\n<hr class=\"wp-block-separator has-alpha-channel-opacity\"\/>\n\n\n\n<h3 class=\"wp-block-heading\">\u200b<strong>3. C\u00e1c lo\u1ea1i cookie m\u00e0 ch\u00fang t\u00f4i s\u1eed d\u1ee5ng<\/strong>\u200b<\/h3>\n\n\n\n<figure class=\"wp-block-table\"><table class=\"has-fixed-layout\"><thead><tr><th>Danh m\u1ee5c<\/th><th>M\u1ee5c \u0111\u00edch<\/th><th>V\u00ed d\u1ee5<\/th><th>Th\u1eddi l\u01b0\u1ee3ng<\/th><\/tr><\/thead><tbody><tr><td>\u200b<strong>\u200bC\u1ea7n thi\u1ebft\u200b<\/strong>\u200b<\/td><td>C\u1ea7n thi\u1ebft cho c\u00e1c ch\u1ee9c n\u0103ng c\u1ee7a trang web (v\u00ed d\u1ee5: \u0111\u0103ng nh\u1eadp, b\u1ea3o m\u1eadt)<\/td><td>ID phi\u00ean, cookie c\u00e2n b\u1eb1ng t\u1ea3i<\/td><td>Kh\u00f3a h\u1ecdc \/ Ng\u1eafn h\u1ea1n<\/td><\/tr><tr><td>\u200b<strong>Ph\u00e2n t\u00edch<\/strong>\u200b<\/td><td>Theo d\u00f5i t\u00ecnh h\u00ecnh s\u1eed d\u1ee5ng trang web \u0111\u1ec3 c\u1ea3i thi\u1ec7n hi\u1ec7u su\u1ea5t<\/td><td>Google Analytics, b\u1ea3n \u0111\u1ed3 nhi\u1ec7t<\/td><td>T\u1ed1i \u0111a 2 n\u0103m<\/td><\/tr><tr><td>\u200b<strong>\u200bCh\u1ee9c n\u0103ng\u200b<\/strong>\u200b<\/td><td>Ghi nh\u1edb c\u00e1c t\u00f9y ch\u1ecdn c\u1ee7a ng\u01b0\u1eddi d\u00f9ng (v\u00ed d\u1ee5: ng\u00f4n ng\u1eef, khu v\u1ef1c)<\/td><td>C\u00e0i \u0111\u1eb7t ng\u00f4n ng\u1eef, k\u00edch th\u01b0\u1edbc ph\u00f4ng ch\u1eef<\/td><td>1\u201312 th\u00e1ng<\/td><\/tr><tr><td>\u200b<strong>Qu\u1ea3ng c\u00e1o<\/strong>\u200b<\/td><td>Hi\u1ec3n th\u1ecb qu\u1ea3ng c\u00e1o \u0111\u01b0\u1ee3c c\u00e1 nh\u00e2n h\u00f3a (ch\u1ec9 khi c\u00f3 s\u1ef1 \u0111\u1ed3ng \u00fd)<\/td><td>Pixel t\u00e1i nh\u1eafm m\u1ee5c ti\u00eau, th\u1ebb m\u1ea1ng x\u00e3 h\u1ed9i<\/td><td>T\u00f9y thu\u1ed9c v\u00e0o \u0111\u1ed1i t\u00e1c<\/td><\/tr><\/tbody><\/table><\/figure>\n\n\n\n<hr class=\"wp-block-separator has-alpha-channel-opacity\"\/>\n\n\n\n<h3 class=\"wp-block-heading\">\u200b<strong>4. C\u00e1ch qu\u1ea3n l\u00fd cookie<\/strong>\u200b<\/h3>\n\n\n\n<p>B\u1ea1n c\u00f3 th\u1ec3 qu\u1ea3n l\u00fd ho\u1eb7c t\u1eaft cookie th\u00f4ng qua:<\/p>\n\n\n\n<ul class=\"wp-block-list\">\n<li>\u200b<strong>C\u00e0i \u0111\u1eb7t tr\u00ecnh duy\u1ec7t<\/strong>\u200b: \u0110i\u1ec1u ch\u1ec9nh c\u00e0i \u0111\u1eb7t trong Chrome, Safari, Firefox, v.v. (L\u01b0u \u00fd: Vi\u1ec7c ch\u1eb7n c\u00e1c cookie c\u1ea7n thi\u1ebft c\u00f3 th\u1ec3 l\u00e0m gi\u00e1n \u0111o\u1ea1n c\u00e1c t\u00ednh n\u0103ng c\u1ee7a trang web).<\/li>\n\n\n\n<li>\u200b<strong>Bi\u1ec3u ng\u1eef v\u1ec1 s\u1ef1 \u0111\u1ed3ng \u00fd<\/strong>\u200b: Bi\u1ec3u ng\u1eef v\u1ec1 cookie c\u1ee7a ch\u00fang t\u00f4i cho ph\u00e9p ng\u01b0\u1eddi d\u00f9ng ch\u1ecdn tham gia ho\u1eb7c t\u1eeb ch\u1ed1i t\u1eebng lo\u1ea1i cookie kh\u00f4ng thi\u1ebft y\u1ebfu.<\/li>\n\n\n\n<li>\u200b<strong>C\u00e1c c\u00f4ng c\u1ee5 c\u1ee7a b\u00ean th\u1ee9 ba<\/strong>\u200b: C\u00e1c d\u1ecbch v\u1ee5 nh\u01b0 YourOnlineChoices ho\u1eb7c NAI d\u00e0nh cho cookie qu\u1ea3ng c\u00e1o.<\/li>\n<\/ul>\n\n\n\n<hr class=\"wp-block-separator has-alpha-channel-opacity\"\/>\n\n\n\n<h3 class=\"wp-block-heading\">\u200b<strong>5. Nh\u1eefng thay \u0111\u1ed5i \u0111\u1ed1i v\u1edbi Ch\u00ednh s\u00e1ch n\u00e0y<\/strong>\u200b<\/h3>\n\n\n\n<p>Ch\u00fang t\u00f4i c\u00f3 th\u1ec3 c\u1eadp nh\u1eadt ch\u00ednh s\u00e1ch n\u00e0y khi c\u00f4ng ngh\u1ec7 ho\u1eb7c c\u00e1c y\u00eau c\u1ea7u ph\u00e1p l\u00fd c\u00f3 s\u1ef1 thay \u0111\u1ed5i. Nh\u1eefng thay \u0111\u1ed5i quan tr\u1ecdng s\u1ebd \u0111\u01b0\u1ee3c th\u00f4ng b\u00e1o tr\u00ean trang web c\u1ee7a ch\u00fang t\u00f4i.<\/p>\n\n\n\n<hr class=\"wp-block-separator has-alpha-channel-opacity\"\/>\n\n\n\n<h3 class=\"wp-block-heading\">\u200b<strong>6. Li\u00ean h\u1ec7 v\u1edbi ch\u00fang t\u00f4i<\/strong>\u200b<\/h3>\n\n\n\n<p>N\u1ebfu c\u00f3 th\u1eafc m\u1eafc v\u1ec1 cookie, vui l\u00f2ng g\u1eedi email \u0111\u1ebfn: \u200b<strong>\u200bprivacy@zhiming-group.com\u200b<\/strong>\u200b<\/p>\n\n\n\n<p>\u200b<strong>Ch\u00ednh s\u00e1ch n\u00e0y b\u1ed5 sung cho Ch\u00ednh s\u00e1ch B\u1ea3o m\u1eadt c\u1ee7a ch\u00fang t\u00f4i<\/strong><\/p>","protected":false},"excerpt":{"rendered":"1. Introduction\u200b\u200b This Cookie Policy explains how ZHIMING GROUP (&#8220;we,&#8221; &#8220;us,&#8221; or &#8220;our&#8221;) uses cookies and similar tracking technologies when you visit our website (www.zhiming-group.com) or interact with our digital services. By continuing to use our site, you consent to the use of cookies in accordance with this policy. \u200b\u200b2. What Are Cookies?\u200b\u200b Cookies are [&hellip;]","protected":false},"author":1,"featured_media":0,"parent":0,"menu_order":0,"comment_status":"closed","ping_status":"closed","template":"","meta":{"footnotes":""},"class_list":["post-114","page","type-page","status-publish","hentry"],"acf":[],"_links":{"self":[{"href":"https:\/\/zmgs-global.com\/vi\/wp-json\/wp\/v2\/pages\/114","targetHints":{"allow":["GET"]}}],"collection":[{"href":"https:\/\/zmgs-global.com\/vi\/wp-json\/wp\/v2\/pages"}],"about":[{"href":"https:\/\/zmgs-global.com\/vi\/wp-json\/wp\/v2\/types\/page"}],"author":[{"embeddable":true,"href":"https:\/\/zmgs-global.com\/vi\/wp-json\/wp\/v2\/users\/1"}],"replies":[{"embeddable":true,"href":"https:\/\/zmgs-global.com\/vi\/wp-json\/wp\/v2\/comments?post=114"}],"version-history":[{"count":0,"href":"https:\/\/zmgs-global.com\/vi\/wp-json\/wp\/v2\/pages\/114\/revisions"}],"wp:attachment":[{"href":"https:\/\/zmgs-global.com\/vi\/wp-json\/wp\/v2\/media?parent=114"}],"curies":[{"name":"wp","href":"https:\/\/api.w.org\/{rel}","templated":true}]}}