{"id":1466,"date":"2025-12-03T12:54:09","date_gmt":"2025-12-03T04:54:09","guid":{"rendered":"https:\/\/zmgs-global.com\/?post_type=product&#038;p=1466"},"modified":"2025-12-23T10:12:47","modified_gmt":"2025-12-23T02:12:47","slug":"tbbz-high-voltage-automatic-reactive-power-compensation-equipment","status":"publish","type":"product","link":"https:\/\/zmgs-global.com\/tr\/product\/tbbz-high-voltage-automatic-reactive-power-compensation-equipment","title":{"rendered":"TBBZ Y\u00fcksek Gerilim Otomatik Reaktif G\u00fc\u00e7 Kompanzasyon Ekipman\u0131"},"content":{"rendered":"<div id=\"ez-toc-container\" class=\"ez-toc-v2_0_82_2 counter-hierarchy ez-toc-counter ez-toc-grey ez-toc-container-direction\">\n<div class=\"ez-toc-title-container\">\n<p class=\"ez-toc-title\" style=\"cursor:inherit\">\u0130\u00e7indekiler<\/p>\n<span class=\"ez-toc-title-toggle\"><\/span><\/div>\n<nav><ul class='ez-toc-list ez-toc-list-level-1' ><li class='ez-toc-page-1 ez-toc-heading-level-2'><a class=\"ez-toc-link ez-toc-heading-1\" href=\"https:\/\/zmgs-global.com\/tr\/product\/tbbz-high-voltage-automatic-reactive-power-compensation-equipment\/#Application\" >Uygulama<\/a><\/li><li class='ez-toc-page-1 ez-toc-heading-level-2'><a class=\"ez-toc-link ez-toc-heading-2\" href=\"https:\/\/zmgs-global.com\/tr\/product\/tbbz-high-voltage-automatic-reactive-power-compensation-equipment\/#Service_Conditions\" >Hizmet Ko\u015fullar\u0131<\/a><\/li><li class='ez-toc-page-1 ez-toc-heading-level-2'><a class=\"ez-toc-link ez-toc-heading-3\" href=\"https:\/\/zmgs-global.com\/tr\/product\/tbbz-high-voltage-automatic-reactive-power-compensation-equipment\/#Characteristics\" >\u00d6zellikler<\/a><\/li><li class='ez-toc-page-1 ez-toc-heading-level-2'><a class=\"ez-toc-link ez-toc-heading-4\" href=\"https:\/\/zmgs-global.com\/tr\/product\/tbbz-high-voltage-automatic-reactive-power-compensation-equipment\/#System_running_conditions\" >Sistem \u00e7al\u0131\u015fma ko\u015fullar\u0131<\/a><\/li><\/ul><\/nav><\/div>\n<h2 class=\"wp-block-heading\"><span class=\"ez-toc-section\" id=\"Application\"><\/span>Uygulama<span class=\"ez-toc-section-end\"><\/span><\/h2>\n\n\n\n<p>TBBZ y\u00fcksek voltajl\u0131 otomatik reaktif g\u00fc\u00e7 kompanzasyon ekipman\u0131 (bundan b\u00f6yle ekipman olarak an\u0131lacakt\u0131r), g\u00fc\u00e7 fakt\u00f6r\u00fcn\u00fc iyile\u015ftirmek, devre t\u00fcketimini azaltmak, elektrik enerjisinden tasarruf etmek ve voltaj kalitesini art\u0131rmak i\u00e7in havai devreye monte edilen 10KV ve 6KV da\u011f\u0131t\u0131m devresi i\u00e7in uygundur, ayr\u0131ca minyat\u00fcr terminal trafo merkezinin 10KV baras\u0131n\u0131n reaktif kompanzasyonu ve yerinde y\u00fcksek voltaj motorunun kompanzasyonu i\u00e7in de kullan\u0131l\u0131r.<br>Bu ekipman, JB\/T7111-1993 Y\u00fcksek Gerilim \u015e\u00f6nt Kondansat\u00f6r Kurulumu standard\u0131na ve DL\/T604-1996 Sipari\u015f i\u00e7in Y\u00fcksek Gerilim \u015e\u00f6nt Kondansat\u00f6r Kurulumu \u015eartnamesi standard\u0131na uygundur.<\/p>\n\n\n\n<p>B\u0131rakma sigortas\u0131, b\u00fcy\u00fck kapasiteli voltaj transformat\u00f6r\u00fc, anahtarlama kondansat\u00f6r\u00fcne \u00f6zel y\u00fcksek voltaj vakum kontakt\u00f6r\u00fc, ak\u0131m transformat\u00f6r\u00fc, ZnO tutucu, tam film y\u00fcksek voltaj \u015f\u00f6nt kondansat\u00f6r\u00fc, y\u00fcksek voltaj kondansat\u00f6r\u00fcn\u00fcn otomatik dengeleme kontrol\u00f6r\u00fc, kutu g\u00f6vdesi vb.<\/p>\n\n\n\n<h2 class=\"wp-block-heading\"><span class=\"ez-toc-section\" id=\"Service_Conditions\"><\/span>Hizmet Ko\u015fullar\u0131<span class=\"ez-toc-section-end\"><\/span><\/h2>\n\n\n\n<ul class=\"wp-block-list\">\n<li>Rak\u0131m: 1.000 m'den y\u00fcksek de\u011fil<\/li>\n\n\n\n<li>R\u00fczgar h\u0131z\u0131: 35 m\/s'den fazla de\u011fil<\/li>\n\n\n\n<li>Deprem: Depremin \u015fiddeti 8 dereceyi ge\u00e7emez.<\/li>\n\n\n\n<li>G\u00fcne\u015f \u0131\u015f\u0131\u011f\u0131: maksimum genlik 0,1w\/cm2'dir<\/li>\n\n\n\n<li>Ortam hava s\u0131cakl\u0131\u011f\u0131: -40\u2103~+45\u2103;<\/li>\n\n\n\n<li>Kimyasal ko\u015fullar: zararl\u0131 gaz ve buhar yok, elektrik iletken veya patlay\u0131c\u0131 toz yok.<\/li>\n\n\n\n<li>Kirlilik ge\u00e7irmezlik \u00f6zelli\u011fi: d\u0131\u015f yal\u0131t\u0131m\u0131n s\u0131z\u0131nt\u0131 mesafesi \u22652,5 cm\/kV \uff1b<\/li>\n\n\n\n<li>Kurulum: e\u011fim 5 dereceden fazla de\u011fildir.<\/li>\n\n\n\n<li>Kurulum sahas\u0131n\u0131n harmonik i\u00e7eri\u011fi ulusal ilgili y\u00f6netmeliklere uygun olmal\u0131d\u0131r.<\/li>\n<\/ul>\n\n\n\n<p><em>Not: \u00dcr\u00fcnler yayla alan\u0131nda veya \u00f6zel ortamlarda kullan\u0131lacaksa, kullan\u0131c\u0131 bizimle ayr\u0131ca g\u00f6r\u00fc\u015fmelidir.<\/em><\/p>\n\n\n\n<h2 class=\"wp-block-heading\"><span class=\"ez-toc-section\" id=\"Characteristics\"><\/span>\u00d6zellikler<span class=\"ez-toc-section-end\"><\/span><\/h2>\n\n\n\n<p>A\u015fa\u011f\u0131daki \u00f6ne \u00e7\u0131kan \u00f6zelliklere sahiptir: entegrasyon yap\u0131s\u0131, komple montaj, kompakt yap\u0131, uygun bak\u0131m, istikrarl\u0131 kalite, uzun hizmet \u00f6mr\u00fc vb. Pratik gereksinime g\u00f6re, kullan\u0131c\u0131 parametreleri ayarlayabilir. Mikrobilgisayar\u0131 otomatik olarak de\u011ferlendirebilir ve analiz edebilir, y\u00fcksek voltajl\u0131 \u015f\u00f6nt kapasit\u00f6r bankas\u0131n\u0131n otomatik anahtarlamas\u0131 ger\u00e7ekle\u015ftirilebilir. Ayr\u0131ca ekipman, bara k\u0131sa devresine kar\u015f\u0131 h\u0131zl\u0131 kesme korumas\u0131, kapasit\u00f6r a\u015f\u0131r\u0131 ak\u0131m k\u0131sa s\u00fcreli gecikme korumas\u0131, a\u015f\u0131r\u0131 voltaj korumas\u0131, d\u00fc\u015f\u00fck voltaj korumas\u0131, faz ar\u0131zas\u0131 korumas\u0131 gibi m\u00fckemmel koruma i\u015flevlerine sahiptir (Koruma i\u015flevleri se\u00e7ilebilir).&nbsp;<\/p>\n\n\n\n<h2 class=\"wp-block-heading\"><span class=\"ez-toc-section\" id=\"System_running_conditions\"><\/span>Sistem \u00e7al\u0131\u015fma ko\u015fullar\u0131<span class=\"ez-toc-section-end\"><\/span><\/h2>\n\n\n\n<ul class=\"wp-block-list\">\n<li>Anma gerilimi 6kV \uff0c 10kV \uff1b<\/li>\n\n\n\n<li>Maksimum \u00e7al\u0131\u015fma gerilimi 6,6kV \uff0c 11kV<\/li>\n\n\n\n<li>Nominal frekans 50Hz\uff1b<\/li>\n\n\n\n<li>Sistem \u00e7al\u0131\u015fma ko\u015fullar\u0131.<\/li>\n<\/ul>\n\n\n\n<figure class=\"wp-block-image size-full\"><img fetchpriority=\"high\" decoding=\"async\" width=\"600\" height=\"249\" src=\"https:\/\/zmgs-global.com\/wp-content\/uploads\/2025\/12\/ZMTBBZ-HIGH-VOLTAGE.jpg\" alt=\"\" class=\"wp-image-1468\"\/><\/figure>\n\n\n\n<h1 class=\"wp-block-heading\">Teknik Parametreler<\/h1>\n\n\n\n<figure class=\"wp-block-image size-full\"><img decoding=\"async\" width=\"860\" height=\"755\" src=\"https:\/\/zmgs-global.com\/wp-content\/uploads\/2025\/12\/Main-Technical-data.jpg\" alt=\"\" class=\"wp-image-1469\" srcset=\"https:\/\/zmgs-global.com\/wp-content\/uploads\/2025\/12\/Main-Technical-data.jpg 860w, https:\/\/zmgs-global.com\/wp-content\/uploads\/2025\/12\/Main-Technical-data-768x674.jpg 768w\" sizes=\"(max-width: 860px) 100vw, 860px\" \/><\/figure>\n\n\n\n<figure class=\"wp-block-image size-full\"><img decoding=\"async\" width=\"860\" height=\"567\" src=\"https:\/\/zmgs-global.com\/wp-content\/uploads\/2025\/12\/Main-Technical-data-2.jpg\" alt=\"\" class=\"wp-image-1470\" srcset=\"https:\/\/zmgs-global.com\/wp-content\/uploads\/2025\/12\/Main-Technical-data-2.jpg 860w, https:\/\/zmgs-global.com\/wp-content\/uploads\/2025\/12\/Main-Technical-data-2-768x506.jpg 768w\" sizes=\"(max-width: 860px) 100vw, 860px\" \/><\/figure>","protected":false},"excerpt":{"rendered":"Application TBBZ high-voltage automatic reactive power compensation equipment (hereinafter referred to as equipment) is suitable for 10KV and 6KV distribution circuit, installed on the overhead circuit, to improve power factor, reduce circuit consumption, save electric energy and improve the voltage quality, besides, it is also used for reactive compensating of 10KV busbar of miniature terminal [&hellip;]","protected":false},"featured_media":1467,"menu_order":0,"template":"","meta":[],"products":[28],"class_list":["post-1466","product","type-product","status-publish","has-post-thumbnail","hentry","products-panel-cabinet"],"acf":[],"_links":{"self":[{"href":"https:\/\/zmgs-global.com\/tr\/wp-json\/wp\/v2\/product\/1466","targetHints":{"allow":["GET"]}}],"collection":[{"href":"https:\/\/zmgs-global.com\/tr\/wp-json\/wp\/v2\/product"}],"about":[{"href":"https:\/\/zmgs-global.com\/tr\/wp-json\/wp\/v2\/types\/product"}],"version-history":[{"count":0,"href":"https:\/\/zmgs-global.com\/tr\/wp-json\/wp\/v2\/product\/1466\/revisions"}],"wp:featuredmedia":[{"embeddable":true,"href":"https:\/\/zmgs-global.com\/tr\/wp-json\/wp\/v2\/media\/1467"}],"wp:attachment":[{"href":"https:\/\/zmgs-global.com\/tr\/wp-json\/wp\/v2\/media?parent=1466"}],"wp:term":[{"taxonomy":"products","embeddable":true,"href":"https:\/\/zmgs-global.com\/tr\/wp-json\/wp\/v2\/products?post=1466"}],"curies":[{"name":"wp","href":"https:\/\/api.w.org\/{rel}","templated":true}]}}