{"id":1461,"date":"2025-07-03T10:03:58","date_gmt":"2025-07-03T02:03:58","guid":{"rendered":"https:\/\/zmgs-global.com\/?post_type=product&#038;p=1461"},"modified":"2025-12-23T10:09:30","modified_gmt":"2025-12-23T02:09:30","slug":"zmtbb-high-voltage-shunt-capacitor-compensating-switchgear","status":"publish","type":"product","link":"https:\/\/zmgs-global.com\/tr\/product\/zmtbb-high-voltage-shunt-capacitor-compensating-switchgear","title":{"rendered":"ZMTBB Y\u00fcksek Gerilim \u015e\u00f6nt Kondansat\u00f6r Kompanzasyon H\u00fccresi"},"content":{"rendered":"<div id=\"ez-toc-container\" class=\"ez-toc-v2_0_82_2 counter-hierarchy ez-toc-counter ez-toc-grey ez-toc-container-direction\">\n<div class=\"ez-toc-title-container\">\n<p class=\"ez-toc-title\" style=\"cursor:inherit\">\u0130\u00e7indekiler<\/p>\n<span class=\"ez-toc-title-toggle\"><\/span><\/div>\n<nav><ul class='ez-toc-list ez-toc-list-level-1' ><li class='ez-toc-page-1 ez-toc-heading-level-2'><a class=\"ez-toc-link ez-toc-heading-1\" href=\"https:\/\/zmgs-global.com\/tr\/product\/zmtbb-high-voltage-shunt-capacitor-compensating-switchgear\/#Application\" >Uygulama<\/a><\/li><li class='ez-toc-page-1 ez-toc-heading-level-2'><a class=\"ez-toc-link ez-toc-heading-2\" href=\"https:\/\/zmgs-global.com\/tr\/product\/zmtbb-high-voltage-shunt-capacitor-compensating-switchgear\/#Working_conditions\" >Working conditions<\/a><\/li><li class='ez-toc-page-1 ez-toc-heading-level-2'><a class=\"ez-toc-link ez-toc-heading-3\" href=\"https:\/\/zmgs-global.com\/tr\/product\/zmtbb-high-voltage-shunt-capacitor-compensating-switchgear\/#Model_and_implication\" >Model and implication<\/a><\/li><li class='ez-toc-page-1 ez-toc-heading-level-2'><a class=\"ez-toc-link ez-toc-heading-4\" href=\"https:\/\/zmgs-global.com\/tr\/product\/zmtbb-high-voltage-shunt-capacitor-compensating-switchgear\/#Main_technical_specifications\" >Main technical specifications<\/a><\/li><\/ul><\/nav><\/div>\n<h2 class=\"wp-block-heading\"><span class=\"ez-toc-section\" id=\"Application\"><\/span><strong>Uygulama<\/strong><span class=\"ez-toc-section-end\"><\/span><\/h2>\n\n\n\n<p>The high voltage shunt capacitor compensating\u00a0switchgear is mainly used in 6-10KV three phases\u00a0system, to adjust and balance the network<br>voltage, improve power factor, lessen loss and\u00a0improve the electric quality.\u00a0<\/p>\n\n\n\n<p>This device meet with standard of JB7112-2000&nbsp;&nbsp;&#8220;Aggregate High voltage shunt capacitor&#8221; andDL\/T628-1997 &#8220;technical rules on ordering for<br>Aggregate High voltage shunt capacitor&#8221;,&nbsp;GB50277-1995 &#8220;Technical design regulationsfor shunt capacitor switchgear&#8221;.<\/p>\n\n\n\n<h2 class=\"wp-block-heading\"><span class=\"ez-toc-section\" id=\"Working_conditions\"><\/span><strong>Working conditions<\/strong><span class=\"ez-toc-section-end\"><\/span><\/h2>\n\n\n\n<p>Altitude of mounting site: not more than 1000m.<\/p>\n\n\n\n<p>Mounting size shall have no severe vibration, no&nbsp;corrosive gas and steam, no conductive and explosivedust Ambient temperature.<\/p>\n\n\n\n<p>Indoor use: 5\u2103 ~ 40\u2103; outdoor use 40\u2103~ 40\u2103.<\/p>\n\n\n\n<h2 class=\"wp-block-heading\"><span class=\"ez-toc-section\" id=\"Model_and_implication\"><\/span><strong>Model and implication<\/strong><span class=\"ez-toc-section-end\"><\/span><\/h2>\n\n\n\n<figure class=\"wp-block-image size-full\"><img fetchpriority=\"high\" decoding=\"async\" width=\"600\" height=\"271\" src=\"https:\/\/zmgs-global.com\/wp-content\/uploads\/2025\/12\/image-5.png\" alt=\"\" class=\"wp-image-1462\"\/><\/figure>\n\n\n\n<h2 class=\"wp-block-heading\"><span class=\"ez-toc-section\" id=\"Main_technical_specifications\"><\/span><strong>Main technical specifications<\/strong><span class=\"ez-toc-section-end\"><\/span><\/h2>\n\n\n\n<p>The switchgear can work long-term under 1.1 Un.<\/p>\n\n\n\n<p>The switchgear can work long-term under 1.3 In rms rated current of capacitor group, which over current is generally come from harmonic wave and<\/p>\n\n\n\n<p>1.1Un action.<br>Under above clause 4.1 and 4.2 action, the total capacity shall not more than 1.35 rated total capacity.<\/p>\n\n\n\n<p>The deviation between the measured capacitance and the rated capacitance shall be within 0-+10%, when the deviation reach up to 10%, the over current&nbsp;mentioned in clause 4.2 can reach up to 1.43.<\/p>\n\n\n\n<p>The over-current resulted from power frequency and harmonic wave voltage shall not more than the value specified in clause 4.2. when the switchgear&nbsp;work under 1.1 Un and below for long term, the peak voltage value including all harmonic values shall not more than 1.22Un.<\/p>\n\n\n\n<p>The switchgear connected with no-severe break-down circuit breaker and ZnO arrester to limit the operational over voltage. 6KV, 10KV capacitor&nbsp;switchgear use vacuum load switch, VCB or SF6 breaker as the switch. Regarding the small capacity switchgear, and where it need step-by-step&nbsp;switch the capacitor group, we recommend to use vacuum load switch, regarding the large capacity switchgear, it shall use VCB or SF6 breaker.<\/p>\n\n\n\n<p>CKGK dry type hollow resistor connected to power source side or CKSW oil immersed steel core resistor connected to neutral line is used to limit surge&nbsp;during close operation, finally to restrain the hi-freq harmonic wave, improve voltage wave. Rated resistive rate 0.5~1% resistor is used to restrain&nbsp;surge coming from closing operation, rate 5-6% resistor is used to restrain 2times frequency wave and surge coming from closing operation, rate 12-13% resistor is used to restrain 3 times frequency wave and surge coming from closing operation.<\/p>\n\n\n\n<p>FD discharge coil is used, it can discharge the electricity and let the residual voltage come down to 0.1 time rated voltage within 5s.<\/p>\n\n\n\n<p>As required, local control, main control room, central control or automatic control can be provided.<\/p>\n\n\n\n<p>Main protection is that each capacitor unit has fuse, (aggregate oil immersed capacitor bank is mainly protected by inner fuse), opening delta overvoltage protection, voltage differential protection, neutral unbalanced current protection are as backup protection modes, moreover, over-current&nbsp;protection, quick-break, over-voltage protection, voltage failure protection are provided,<\/p>\n\n\n\n<p>Step-by-step switching capacitor switchgear is according to different capacity, divide several groups (1~3), and provided with multi-functional auto-controller, in the command of voltage status and reactive capacity to control the vacuum load switch or breaker switching on\/off reasonably.<\/p>\n\n\n\n<h3 class=\"wp-block-heading\"><strong>Structure<\/strong><\/h3>\n\n\n\n<p>6-10KV capacitor switchgear consist of HV switchgear (breaker, isolator, CT, relay protection, metering system), series connected resistor, discharging coil,<\/p>\n\n\n\n<p>ZnO arrester, earth switch, fuses for each capacitor unit, shunt capacitor units, busbar and steel mounting supports. Y-Y type also includes CT&nbsp;for neutral unbalanced current protection.<\/p>\n\n\n\n<p>According to shunt capacitor and structure, divided: Frame type, Split type, indoor panel type, aggregate type.<\/p>\n\n\n\n<h3 class=\"wp-block-heading\">Frame type<\/h3>\n\n\n\n<p>Capacitor group includes incoming support and capacitor supports, the whole switchgear divided into several parts, and transported to the site for&nbsp;mounting, incoming support fixed with discharging coil, earth switch, ZnO arrester, if Y-Y type, there CT for neutral unbalanced current protection is&nbsp;fixed as well, and capacitor support includes fuses, busbars.<\/p>\n\n\n\n<h3 class=\"wp-block-heading\">Split type<\/h3>\n\n\n\n<p>The difference from the frame type is that this is constructed as discharging coil panel, capacitor panel, it is enough that combine them together on site.<\/p>\n\n\n\n<p>The whole switchgear provides mechanical and electrical interlocks.<\/p>\n\n\n\n<h3 class=\"wp-block-heading\">Indoor panel type.<\/h3>\n\n\n\n<p>Capacitor group according to different capacity form 1 incoming panel and 1 or several capacitor panels, incoming panel consists of discharging coil,&nbsp;earth switch, ZnO arrester, capacitor panel includes capacitor, fuse for each capacitor units.<\/p>\n\n\n\n<p>Aggregate type: this type consists of aggregate (oil immersed) capacitor, and discharging coil, ZnO arrester, resistor, earth switch, the discharging&nbsp;coil is mounted upon the capacitor or resistor supports. The switchgear capacity depends on the aggregate capacitors.<\/p>\n\n\n\n<p>Wiring of series connected resistor.<\/p>\n\n\n\n<p>The resistor has three kinds: dry hollow type series resistor, dry three phases series resistor and oil immersed resistor. According to wiring layout, the&nbsp;resistor can be connected in front of or back of capacitor group, namely besides power source side or neutral line.<\/p>\n\n\n\n<p>The mounting dimensions in sheet are only for reference.<\/p>\n\n\n\n<figure class=\"wp-block-image size-full\"><img decoding=\"async\" width=\"860\" height=\"424\" src=\"https:\/\/zmgs-global.com\/wp-content\/uploads\/2025\/12\/image-6.png\" alt=\"\" class=\"wp-image-1463\" srcset=\"https:\/\/zmgs-global.com\/wp-content\/uploads\/2025\/12\/image-6.png 860w, https:\/\/zmgs-global.com\/wp-content\/uploads\/2025\/12\/image-6-768x379.png 768w\" sizes=\"(max-width: 860px) 100vw, 860px\" \/><\/figure>","protected":false},"excerpt":{"rendered":"Application The high voltage shunt capacitor compensating\u00a0switchgear is mainly used in 6-10KV three phases\u00a0system, to adjust and balance the networkvoltage, improve power factor, lessen loss and\u00a0improve the electric quality.\u00a0 This device meet with standard of JB7112-2000&nbsp;&nbsp;&#8220;Aggregate High voltage shunt capacitor&#8221; andDL\/T628-1997 &#8220;technical rules on ordering forAggregate High voltage shunt capacitor&#8221;,&nbsp;GB50277-1995 &#8220;Technical design regulationsfor shunt capacitor [&hellip;]","protected":false},"featured_media":1465,"menu_order":0,"template":"","meta":[],"products":[28],"class_list":["post-1461","product","type-product","status-publish","has-post-thumbnail","hentry","products-panel-cabinet"],"acf":[],"_links":{"self":[{"href":"https:\/\/zmgs-global.com\/tr\/wp-json\/wp\/v2\/product\/1461","targetHints":{"allow":["GET"]}}],"collection":[{"href":"https:\/\/zmgs-global.com\/tr\/wp-json\/wp\/v2\/product"}],"about":[{"href":"https:\/\/zmgs-global.com\/tr\/wp-json\/wp\/v2\/types\/product"}],"version-history":[{"count":0,"href":"https:\/\/zmgs-global.com\/tr\/wp-json\/wp\/v2\/product\/1461\/revisions"}],"wp:featuredmedia":[{"embeddable":true,"href":"https:\/\/zmgs-global.com\/tr\/wp-json\/wp\/v2\/media\/1465"}],"wp:attachment":[{"href":"https:\/\/zmgs-global.com\/tr\/wp-json\/wp\/v2\/media?parent=1461"}],"wp:term":[{"taxonomy":"products","embeddable":true,"href":"https:\/\/zmgs-global.com\/tr\/wp-json\/wp\/v2\/products?post=1461"}],"curies":[{"name":"wp","href":"https:\/\/api.w.org\/{rel}","templated":true}]}}