{"id":7,"date":"2025-07-21T16:43:16","date_gmt":"2025-07-21T08:43:16","guid":{"rendered":"https:\/\/mediumslateblue-chimpanzee-835813.hostingersite.com\/?page_id=7"},"modified":"2026-03-17T09:48:00","modified_gmt":"2026-03-17T01:48:00","slug":"about-us","status":"publish","type":"page","link":"https:\/\/zmgs-global.com\/pt\/about-us","title":{"rendered":"Sobre n\u00f3s"},"content":{"rendered":"<div class=\"wp-block-columns are-vertically-aligned-center mb-60 is-layout-flex wp-container-core-columns-is-layout-9d6595d7 wp-block-columns-is-layout-flex\">\n<div class=\"wp-block-column is-vertically-aligned-center is-layout-flow wp-block-column-is-layout-flow\">\n<h2 class=\"wp-block-heading\">Quem somos - L\u00edder no fabrico de condensadores de pot\u00eancia<\/h2>\n\n\n\n<p>A ZHIMING GROUP CO., LTD. est\u00e1 localizada em Yueqing, Zhejiang. Sendo uma das empresas regionais ilimitadas da China, est\u00e1 atualmente classificada como uma empresa de alta tecnologia de Zhejiang.<\/p>\n\n\n\n<p>Como um fabricante l\u00edder de condensadores de pot\u00eancia, os produtos do ZHIMING GROUP n\u00e3o s\u00f3 satisfazem as exig\u00eancias dos clientes nacionais, mas tamb\u00e9m s\u00e3o exportados para o Sudeste Asi\u00e1tico, Am\u00e9rica Central, R\u00fassia, M\u00e9dio Oriente e outras regi\u00f5es. Os produtos obtiveram uma aceita\u00e7\u00e3o generalizada por parte dos utilizadores. O grupo adere ao princ\u00edpio de \u201cQualidade em primeiro lugar, melhores servi\u00e7os, esfor\u00e7o ativo\u201d. Sinceramente, damos as boas-vindas aos amigos nacionais e internacionais para cooperar connosco na constru\u00e7\u00e3o de um futuro brilhante. Como um fabricante l\u00edder de condensadores de pot\u00eancia, ZHIMING GROUP CO., LTD. est\u00e1 empenhada em fornecer bancos de condensadores de pot\u00eancia de alta qualidade e solu\u00e7\u00f5es de corre\u00e7\u00e3o do fator de pot\u00eancia.<\/p>\n<\/div>\n\n\n\n<div class=\"wp-block-column is-vertically-aligned-center is-layout-flow wp-block-column-is-layout-flow\"><div class=\"wp-block-image\">\n<figure class=\"aligncenter size-full\"><img fetchpriority=\"high\" decoding=\"async\" width=\"1920\" height=\"1080\" src=\"https:\/\/mediumslateblue-chimpanzee-835813.hostingersite.com\/wp-content\/uploads\/2025\/09\/ZhiMing-power-capacitor-factory10-1.webp\" alt=\"F\u00e1brica de condensadores de pot\u00eancia ZhiMing\" class=\"wp-image-819\" srcset=\"https:\/\/zmgs-global.com\/wp-content\/uploads\/2025\/09\/ZhiMing-power-capacitor-factory10-1.webp 1920w, https:\/\/zmgs-global.com\/wp-content\/uploads\/2025\/09\/ZhiMing-power-capacitor-factory10-1-768x432.webp 768w, https:\/\/zmgs-global.com\/wp-content\/uploads\/2025\/09\/ZhiMing-power-capacitor-factory10-1-1536x864.webp 1536w\" sizes=\"(max-width: 1920px) 100vw, 1920px\" \/><\/figure><\/div><\/div>\n<\/div>\n\n\n\n<div class=\"wp-block-columns are-vertically-aligned-center is-layout-flex wp-container-core-columns-is-layout-9d6595d7 wp-block-columns-is-layout-flex\">\n<div class=\"wp-block-column is-vertically-aligned-center is-layout-flow wp-block-column-is-layout-flow\">\n<div class=\"wp-block-columns is-layout-flex wp-container-core-columns-is-layout-9d6595d7 wp-block-columns-is-layout-flex\">\n<div class=\"wp-block-column is-layout-flow wp-block-column-is-layout-flow\"><div class=\"wp-block-image\">\n<figure class=\"aligncenter size-full\"><img decoding=\"async\" width=\"878\" height=\"588\" src=\"https:\/\/mediumslateblue-chimpanzee-835813.hostingersite.com\/wp-content\/uploads\/2025\/09\/CJ19-Series-AC-contactor-for-switching-shunt-capacitor.webp\" alt=\"Contactor CA da s\u00e9rie CJ19 para condensador de deriva\u00e7\u00e3o de comuta\u00e7\u00e3o\" class=\"wp-image-801\" srcset=\"https:\/\/zmgs-global.com\/wp-content\/uploads\/2025\/09\/CJ19-Series-AC-contactor-for-switching-shunt-capacitor.webp 878w, https:\/\/zmgs-global.com\/wp-content\/uploads\/2025\/09\/CJ19-Series-AC-contactor-for-switching-shunt-capacitor-768x514.webp 768w\" sizes=\"(max-width: 878px) 100vw, 878px\" \/><\/figure><\/div><\/div>\n\n\n\n<div class=\"wp-block-column is-layout-flow wp-block-column-is-layout-flow\"><div class=\"wp-block-image\">\n<figure class=\"aligncenter size-full\"><img decoding=\"async\" width=\"878\" height=\"587\" src=\"https:\/\/mediumslateblue-chimpanzee-835813.hostingersite.com\/wp-content\/uploads\/2025\/09\/ZMZ-D-series-intelligent-integrated-low-voltage-filtering-power-capacitor.webp\" alt=\"Condensador de pot\u00eancia com filtragem de baixa tens\u00e3o integrado e inteligente da s\u00e9rie ZMZ-D\" class=\"wp-image-799\" srcset=\"https:\/\/zmgs-global.com\/wp-content\/uploads\/2025\/09\/ZMZ-D-series-intelligent-integrated-low-voltage-filtering-power-capacitor.webp 878w, https:\/\/zmgs-global.com\/wp-content\/uploads\/2025\/09\/ZMZ-D-series-intelligent-integrated-low-voltage-filtering-power-capacitor-768x513.webp 768w\" sizes=\"(max-width: 878px) 100vw, 878px\" \/><\/figure><\/div><\/div>\n<\/div>\n\n\n\n<div class=\"wp-block-columns is-layout-flex wp-container-core-columns-is-layout-9d6595d7 wp-block-columns-is-layout-flex\">\n<div class=\"wp-block-column is-layout-flow wp-block-column-is-layout-flow\"><div class=\"wp-block-image\">\n<figure class=\"aligncenter size-full\"><img loading=\"lazy\" decoding=\"async\" width=\"878\" height=\"588\" src=\"https:\/\/mediumslateblue-chimpanzee-835813.hostingersite.com\/wp-content\/uploads\/2025\/09\/JKL5C-Reactive-power-auto-compensation-controller.webp\" alt=\"JKL5C Controlador de auto-compensa\u00e7\u00e3o de pot\u00eancia reactiva\" class=\"wp-image-797\" srcset=\"https:\/\/zmgs-global.com\/wp-content\/uploads\/2025\/09\/JKL5C-Reactive-power-auto-compensation-controller.webp 878w, https:\/\/zmgs-global.com\/wp-content\/uploads\/2025\/09\/JKL5C-Reactive-power-auto-compensation-controller-768x514.webp 768w\" sizes=\"(max-width: 878px) 100vw, 878px\" \/><\/figure><\/div><\/div>\n\n\n\n<div class=\"wp-block-column is-layout-flow wp-block-column-is-layout-flow\"><div class=\"wp-block-image\">\n<figure class=\"aligncenter size-full\"><img loading=\"lazy\" decoding=\"async\" width=\"878\" height=\"588\" src=\"https:\/\/mediumslateblue-chimpanzee-835813.hostingersite.com\/wp-content\/uploads\/2025\/09\/capacitor-bank.webp\" alt=\"banco de condensadores\" class=\"wp-image-788\" srcset=\"https:\/\/zmgs-global.com\/wp-content\/uploads\/2025\/09\/capacitor-bank.webp 878w, https:\/\/zmgs-global.com\/wp-content\/uploads\/2025\/09\/capacitor-bank-768x514.webp 768w\" sizes=\"(max-width: 878px) 100vw, 878px\" \/><\/figure><\/div><\/div>\n<\/div>\n<\/div>\n\n\n\n<div class=\"wp-block-column is-vertically-aligned-center is-layout-flow wp-block-column-is-layout-flow\">\n<h2 class=\"wp-block-heading\">O que oferecemos<\/h2>\n\n\n\n<p>O grupo \u00e9 especializado na produ\u00e7\u00e3o de condensadores de energia de alta e baixa tens\u00e3o, condensadores integrados inteligentes, interruptores de condensadores, controladores de compensa\u00e7\u00e3o de energia reactiva, dispositivos de compensa\u00e7\u00e3o de energia reactiva, condensadores de energia monof\u00e1sicos, contadores de energia trif\u00e1sicos, contadores multifuncionais trif\u00e1sicos, contadores de energia inteligentes para v\u00e1rios utilizadores, entre outros. Atrav\u00e9s da auto-investiga\u00e7\u00e3o e coopera\u00e7\u00e3o, o grupo continua a desenvolver novos produtos, muitos dos quais cumprem as normas internacionais. A empresa alcan\u00e7ou os t\u00edtulos de Empresa de Alta Tecnologia, Empresa T\u00e9cnica, Empresa de Cr\u00e9dito Privado e Empresa T\u00edpica de Gest\u00e3o de Cr\u00e9dito. Com fortes capacidades t\u00e9cnicas, a empresa obteve in\u00fameras patentes t\u00e9cnicas. O seu centro de investiga\u00e7\u00e3o \u00e9 reconhecido como um Centro de Investiga\u00e7\u00e3o T\u00e9cnica de Wenzhou.<\/p>\n<\/div>\n<\/div>\n\n\n\n<div class=\"wp-block-columns mb-60 is-layout-flex wp-container-core-columns-is-layout-9d6595d7 wp-block-columns-is-layout-flex\">\n<div class=\"wp-block-column is-layout-flow wp-block-column-is-layout-flow\">\n<div class=\"wp-block-cover\"><img loading=\"lazy\" decoding=\"async\" width=\"891\" height=\"499\" class=\"wp-block-cover__image-background wp-image-51 size-full\" alt=\"Vis\u00e3o\" src=\"https:\/\/mediumslateblue-chimpanzee-835813.hostingersite.com\/wp-content\/uploads\/2025\/07\/25130419277v.jpg\" data-object-fit=\"cover\" srcset=\"https:\/\/zmgs-global.com\/wp-content\/uploads\/2025\/07\/25130419277v.jpg 891w, https:\/\/zmgs-global.com\/wp-content\/uploads\/2025\/07\/25130419277v-768x430.jpg 768w\" sizes=\"(max-width: 891px) 100vw, 891px\" \/><span aria-hidden=\"true\" class=\"wp-block-cover__background has-black-background-color has-background-dim\"><\/span><div class=\"wp-block-cover__inner-container is-layout-constrained wp-block-cover-is-layout-constrained\">\n<h2 class=\"wp-block-heading\"><strong>Vis\u00e3o<\/strong><\/h2>\n\n\n\n<p>Tornar-se um l\u00edder internacional em eletricidade de baixa tens\u00e3o.<\/p>\n<\/div><\/div>\n<\/div>\n\n\n\n<div class=\"wp-block-column is-layout-flow wp-block-column-is-layout-flow\">\n<div class=\"wp-block-cover has-white-color has-text-color has-link-color wp-elements-9bec533d97fdbaba865b27404b7b83c9\"><img loading=\"lazy\" decoding=\"async\" width=\"891\" height=\"499\" class=\"wp-block-cover__image-background wp-image-50 size-full\" alt=\"MISS\u00c3O\" src=\"https:\/\/mediumslateblue-chimpanzee-835813.hostingersite.com\/wp-content\/uploads\/2025\/07\/25141552zpdj.jpg\" data-object-fit=\"cover\" srcset=\"https:\/\/zmgs-global.com\/wp-content\/uploads\/2025\/07\/25141552zpdj.jpg 891w, https:\/\/zmgs-global.com\/wp-content\/uploads\/2025\/07\/25141552zpdj-768x430.jpg 768w\" sizes=\"(max-width: 891px) 100vw, 891px\" \/><span aria-hidden=\"true\" class=\"wp-block-cover__background has-black-background-color has-background-dim\"><\/span><div class=\"wp-block-cover__inner-container is-layout-constrained wp-block-cover-is-layout-constrained\">\n<h2 class=\"wp-block-heading\"><strong>Miss\u00e3o<\/strong><\/h2>\n\n\n\n<p>Servir apaixonadamente os mercados emergentes globais, fornecendo produtos e servi\u00e7os el\u00e9ctricos de baixa tens\u00e3o rent\u00e1veis, acess\u00edveis e fi\u00e1veis a mais de seis mil milh\u00f5es de pessoas em casa e no trabalho.<\/p>\n<\/div><\/div>\n<\/div>\n\n\n\n<div class=\"wp-block-column is-layout-flow wp-block-column-is-layout-flow\">\n<div class=\"wp-block-cover\"><img loading=\"lazy\" decoding=\"async\" width=\"891\" height=\"499\" class=\"wp-block-cover__image-background wp-image-49 size-full\" alt=\"VALORES\" src=\"https:\/\/mediumslateblue-chimpanzee-835813.hostingersite.com\/wp-content\/uploads\/2025\/07\/25135627klkz.jpg\" data-object-fit=\"cover\" srcset=\"https:\/\/zmgs-global.com\/wp-content\/uploads\/2025\/07\/25135627klkz.jpg 891w, https:\/\/zmgs-global.com\/wp-content\/uploads\/2025\/07\/25135627klkz-768x430.jpg 768w\" sizes=\"(max-width: 891px) 100vw, 891px\" \/><span aria-hidden=\"true\" class=\"wp-block-cover__background has-black-background-color has-background-dim\"><\/span><div class=\"wp-block-cover__inner-container is-layout-constrained wp-block-cover-is-layout-constrained\">\n<h2 class=\"wp-block-heading\">Valores<\/h2>\n\n\n\n<p>A qualidade como base - A inova\u00e7\u00e3o como motor - O servi\u00e7o como compromisso - O princ\u00edpio \"win-win<\/p>\n<\/div><\/div>\n<\/div>\n<\/div>\n\n\n\n<div class=\"wp-block-columns are-vertically-aligned-center mb-60 is-layout-flex wp-container-core-columns-is-layout-9d6595d7 wp-block-columns-is-layout-flex\">\n<div class=\"wp-block-column is-vertically-aligned-center is-layout-flow wp-block-column-is-layout-flow\" style=\"flex-basis:33.33%\">\n<h2 class=\"wp-block-heading\">Visite a nossa f\u00e1brica<\/h2>\n\n\n\n<p>Com a miss\u00e3o de \u201cfornecer solu\u00e7\u00f5es de produtos personalizados que tornam os utilizadores mais felizes\u201d, a ZHIMING est\u00e1 disposta a tornar-se uma empresa centen\u00e1ria cheia de vitalidade e inova\u00e7\u00e3o cont\u00ednua.<\/p>\n<\/div>\n\n\n\n<div class=\"wp-block-column is-vertically-aligned-center is-layout-flow wp-block-column-is-layout-flow\" style=\"flex-basis:66.66%\">\n<div class=\"wp-block-columns is-layout-flex wp-container-core-columns-is-layout-9d6595d7 wp-block-columns-is-layout-flex\">\n<div class=\"wp-block-column is-layout-flow wp-block-column-is-layout-flow\">\n<figure class=\"wp-block-image size-full\"><img loading=\"lazy\" decoding=\"async\" width=\"1920\" height=\"1080\" src=\"https:\/\/mediumslateblue-chimpanzee-835813.hostingersite.com\/wp-content\/uploads\/2025\/09\/ZhiMing-power-capacitor-factory14.webp\" alt=\"F\u00e1brica de condensadores de pot\u00eancia ZhiMing\" class=\"wp-image-823\" srcset=\"https:\/\/zmgs-global.com\/wp-content\/uploads\/2025\/09\/ZhiMing-power-capacitor-factory14.webp 1920w, https:\/\/zmgs-global.com\/wp-content\/uploads\/2025\/09\/ZhiMing-power-capacitor-factory14-768x432.webp 768w, https:\/\/zmgs-global.com\/wp-content\/uploads\/2025\/09\/ZhiMing-power-capacitor-factory14-1536x864.webp 1536w\" sizes=\"(max-width: 1920px) 100vw, 1920px\" \/><\/figure>\n<\/div>\n\n\n\n<div class=\"wp-block-column is-layout-flow wp-block-column-is-layout-flow\"><div class=\"wp-block-image\">\n<figure class=\"aligncenter size-full\"><img loading=\"lazy\" decoding=\"async\" width=\"1920\" height=\"1080\" src=\"https:\/\/mediumslateblue-chimpanzee-835813.hostingersite.com\/wp-content\/uploads\/2025\/09\/ZhiMing-power-capacitor-factory13.webp\" alt=\"F\u00e1brica de condensadores de pot\u00eancia ZhiMing\" class=\"wp-image-822\" srcset=\"https:\/\/zmgs-global.com\/wp-content\/uploads\/2025\/09\/ZhiMing-power-capacitor-factory13.webp 1920w, https:\/\/zmgs-global.com\/wp-content\/uploads\/2025\/09\/ZhiMing-power-capacitor-factory13-768x432.webp 768w, https:\/\/zmgs-global.com\/wp-content\/uploads\/2025\/09\/ZhiMing-power-capacitor-factory13-1536x864.webp 1536w\" sizes=\"(max-width: 1920px) 100vw, 1920px\" \/><\/figure><\/div><\/div>\n\n\n\n<div class=\"wp-block-column is-layout-flow wp-block-column-is-layout-flow\"><div class=\"wp-block-image\">\n<figure class=\"aligncenter size-full\"><img loading=\"lazy\" decoding=\"async\" width=\"1920\" height=\"1080\" src=\"https:\/\/mediumslateblue-chimpanzee-835813.hostingersite.com\/wp-content\/uploads\/2025\/09\/ZhiMing-power-capacitor-factory11.webp\" alt=\"F\u00e1brica de condensadores de pot\u00eancia ZhiMing\" class=\"wp-image-820\" srcset=\"https:\/\/zmgs-global.com\/wp-content\/uploads\/2025\/09\/ZhiMing-power-capacitor-factory11.webp 1920w, https:\/\/zmgs-global.com\/wp-content\/uploads\/2025\/09\/ZhiMing-power-capacitor-factory11-768x432.webp 768w, https:\/\/zmgs-global.com\/wp-content\/uploads\/2025\/09\/ZhiMing-power-capacitor-factory11-1536x864.webp 1536w\" sizes=\"(max-width: 1920px) 100vw, 1920px\" \/><\/figure><\/div><\/div>\n<\/div>\n\n\n\n<div class=\"wp-block-columns is-layout-flex wp-container-core-columns-is-layout-9d6595d7 wp-block-columns-is-layout-flex\">\n<div class=\"wp-block-column is-layout-flow wp-block-column-is-layout-flow\"><div class=\"wp-block-image\">\n<figure class=\"aligncenter size-full\"><img loading=\"lazy\" decoding=\"async\" width=\"1920\" height=\"1080\" src=\"https:\/\/mediumslateblue-chimpanzee-835813.hostingersite.com\/wp-content\/uploads\/2025\/09\/ZhiMing-power-capacitor-factory9-1.webp\" alt=\"F\u00e1brica de condensadores de pot\u00eancia ZhiMing\" class=\"wp-image-818\" srcset=\"https:\/\/zmgs-global.com\/wp-content\/uploads\/2025\/09\/ZhiMing-power-capacitor-factory9-1.webp 1920w, https:\/\/zmgs-global.com\/wp-content\/uploads\/2025\/09\/ZhiMing-power-capacitor-factory9-1-768x432.webp 768w, https:\/\/zmgs-global.com\/wp-content\/uploads\/2025\/09\/ZhiMing-power-capacitor-factory9-1-1536x864.webp 1536w\" sizes=\"(max-width: 1920px) 100vw, 1920px\" \/><\/figure><\/div><\/div>\n\n\n\n<div class=\"wp-block-column is-layout-flow wp-block-column-is-layout-flow\"><div class=\"wp-block-image\">\n<figure class=\"aligncenter size-full\"><img loading=\"lazy\" decoding=\"async\" width=\"1920\" height=\"1080\" src=\"https:\/\/mediumslateblue-chimpanzee-835813.hostingersite.com\/wp-content\/uploads\/2025\/09\/ZhiMing-power-capacitor-factory3.webp\" alt=\"F\u00e1brica de condensadores de pot\u00eancia ZhiMing\" class=\"wp-image-812\" srcset=\"https:\/\/zmgs-global.com\/wp-content\/uploads\/2025\/09\/ZhiMing-power-capacitor-factory3.webp 1920w, https:\/\/zmgs-global.com\/wp-content\/uploads\/2025\/09\/ZhiMing-power-capacitor-factory3-768x432.webp 768w, https:\/\/zmgs-global.com\/wp-content\/uploads\/2025\/09\/ZhiMing-power-capacitor-factory3-1536x864.webp 1536w\" sizes=\"(max-width: 1920px) 100vw, 1920px\" \/><\/figure><\/div><\/div>\n\n\n\n<div class=\"wp-block-column is-layout-flow wp-block-column-is-layout-flow\"><div class=\"wp-block-image\">\n<figure class=\"aligncenter size-full\"><img fetchpriority=\"high\" decoding=\"async\" width=\"1920\" height=\"1080\" src=\"https:\/\/mediumslateblue-chimpanzee-835813.hostingersite.com\/wp-content\/uploads\/2025\/09\/ZhiMing-power-capacitor-factory10-1.webp\" alt=\"F\u00e1brica de condensadores de pot\u00eancia ZhiMing\" class=\"wp-image-819\" srcset=\"https:\/\/zmgs-global.com\/wp-content\/uploads\/2025\/09\/ZhiMing-power-capacitor-factory10-1.webp 1920w, https:\/\/zmgs-global.com\/wp-content\/uploads\/2025\/09\/ZhiMing-power-capacitor-factory10-1-768x432.webp 768w, https:\/\/zmgs-global.com\/wp-content\/uploads\/2025\/09\/ZhiMing-power-capacitor-factory10-1-1536x864.webp 1536w\" sizes=\"(max-width: 1920px) 100vw, 1920px\" \/><\/figure><\/div><\/div>\n<\/div>\n<\/div>\n<\/div>\n\n\n\n<div class=\"wp-block-columns are-vertically-aligned-center mb-60 is-layout-flex wp-container-core-columns-is-layout-9d6595d7 wp-block-columns-is-layout-flex\">\n<div class=\"wp-block-column is-vertically-aligned-center is-layout-flow wp-block-column-is-layout-flow\" style=\"flex-basis:66.66%\">\n<div class=\"wp-block-columns is-layout-flex wp-container-core-columns-is-layout-9d6595d7 wp-block-columns-is-layout-flex\">\n<div class=\"wp-block-column is-layout-flow wp-block-column-is-layout-flow\">\n<figure class=\"wp-block-image size-full\"><img loading=\"lazy\" decoding=\"async\" width=\"800\" height=\"1131\" src=\"https:\/\/mediumslateblue-chimpanzee-835813.hostingersite.com\/wp-content\/uploads\/2025\/07\/cXPMcBhzQ8.webp\" alt=\"certificado\" class=\"wp-image-140\" srcset=\"https:\/\/zmgs-global.com\/wp-content\/uploads\/2025\/07\/cXPMcBhzQ8.webp 800w, https:\/\/zmgs-global.com\/wp-content\/uploads\/2025\/07\/cXPMcBhzQ8-768x1086.webp 768w\" sizes=\"(max-width: 800px) 100vw, 800px\" \/><\/figure>\n<\/div>\n\n\n\n<div class=\"wp-block-column is-layout-flow wp-block-column-is-layout-flow\">\n<figure class=\"wp-block-image size-full\"><img loading=\"lazy\" decoding=\"async\" width=\"800\" height=\"1131\" src=\"https:\/\/mediumslateblue-chimpanzee-835813.hostingersite.com\/wp-content\/uploads\/2025\/07\/YQcC6nEQWm.webp\" alt=\"certificado\" class=\"wp-image-141\" srcset=\"https:\/\/zmgs-global.com\/wp-content\/uploads\/2025\/07\/YQcC6nEQWm.webp 800w, https:\/\/zmgs-global.com\/wp-content\/uploads\/2025\/07\/YQcC6nEQWm-768x1086.webp 768w\" sizes=\"(max-width: 800px) 100vw, 800px\" \/><\/figure>\n<\/div>\n\n\n\n<div class=\"wp-block-column is-layout-flow wp-block-column-is-layout-flow\">\n<figure class=\"wp-block-image size-full\"><img loading=\"lazy\" decoding=\"async\" width=\"1275\" height=\"1753\" src=\"https:\/\/mediumslateblue-chimpanzee-835813.hostingersite.com\/wp-content\/uploads\/2025\/07\/n4kWNTxwwQ.webp\" alt=\"certificado\" class=\"wp-image-142\" srcset=\"https:\/\/zmgs-global.com\/wp-content\/uploads\/2025\/07\/n4kWNTxwwQ.webp 1275w, https:\/\/zmgs-global.com\/wp-content\/uploads\/2025\/07\/n4kWNTxwwQ-768x1056.webp 768w, https:\/\/zmgs-global.com\/wp-content\/uploads\/2025\/07\/n4kWNTxwwQ-1117x1536.webp 1117w\" sizes=\"(max-width: 1275px) 100vw, 1275px\" \/><\/figure>\n<\/div>\n<\/div>\n<\/div>\n\n\n\n<div class=\"wp-block-column is-vertically-aligned-center is-layout-flow wp-block-column-is-layout-flow\" style=\"flex-basis:33.33%\">\n<h2 class=\"wp-block-heading\">Somos apoiados por distin\u00e7\u00f5es e certifica\u00e7\u00f5es<\/h2>\n\n\n\n<p>O ZHIMING GROUP segue consistentemente as normas internacionais, garantindo rigorosamente a qualidade e a seguran\u00e7a dos produtos. Orgulhamo-nos de possuir v\u00e1rias certifica\u00e7\u00f5es oficiais, incluindo<strong>Certifica\u00e7\u00e3o nacional de empresa de alta tecnologia<\/strong>,<strong>Certifica\u00e7\u00e3o do sistema de gest\u00e3o da qualidade ISO<\/strong>e<strong>Certifica\u00e7\u00e3o internacional de seguran\u00e7a CE<\/strong>-cada credencial atesta a nossa experi\u00eancia tecnol\u00f3gica e o nosso compromisso com a excel\u00eancia.<\/p>\n<\/div>\n<\/div>","protected":false},"excerpt":{"rendered":"Who we are &#8211; Leading power capacitor manufacturer ZHIMING GROUP CO., LTD. is located in Yueqing, Zhejiang. As one of China&#8217;s unlimited regional enterprises, it is now classified as a Zhejiang Hi-tech Enterprise. As a leading power capacitor manufacturer, ZHIMING GROUP&#8217;s products not only meet the demands of domestic customers but are also exported to [&hellip;]","protected":false},"author":1,"featured_media":121,"parent":0,"menu_order":0,"comment_status":"closed","ping_status":"closed","template":"page-about.php","meta":{"footnotes":""},"class_list":["post-7","page","type-page","status-publish","has-post-thumbnail","hentry"],"acf":[],"_links":{"self":[{"href":"https:\/\/zmgs-global.com\/pt\/wp-json\/wp\/v2\/pages\/7","targetHints":{"allow":["GET"]}}],"collection":[{"href":"https:\/\/zmgs-global.com\/pt\/wp-json\/wp\/v2\/pages"}],"about":[{"href":"https:\/\/zmgs-global.com\/pt\/wp-json\/wp\/v2\/types\/page"}],"author":[{"embeddable":true,"href":"https:\/\/zmgs-global.com\/pt\/wp-json\/wp\/v2\/users\/1"}],"replies":[{"embeddable":true,"href":"https:\/\/zmgs-global.com\/pt\/wp-json\/wp\/v2\/comments?post=7"}],"version-history":[{"count":0,"href":"https:\/\/zmgs-global.com\/pt\/wp-json\/wp\/v2\/pages\/7\/revisions"}],"wp:featuredmedia":[{"embeddable":true,"href":"https:\/\/zmgs-global.com\/pt\/wp-json\/wp\/v2\/media\/121"}],"wp:attachment":[{"href":"https:\/\/zmgs-global.com\/pt\/wp-json\/wp\/v2\/media?parent=7"}],"curies":[{"name":"wp","href":"https:\/\/api.w.org\/{rel}","templated":true}]}}