{"id":7,"date":"2025-07-21T16:43:16","date_gmt":"2025-07-21T08:43:16","guid":{"rendered":"https:\/\/mediumslateblue-chimpanzee-835813.hostingersite.com\/?page_id=7"},"modified":"2026-03-17T09:48:00","modified_gmt":"2026-03-17T01:48:00","slug":"about-us","status":"publish","type":"page","link":"https:\/\/zmgs-global.com\/fr\/about-us","title":{"rendered":"\u00c0 propos de nous"},"content":{"rendered":"<div class=\"wp-block-columns are-vertically-aligned-center mb-60 is-layout-flex wp-container-core-columns-is-layout-9d6595d7 wp-block-columns-is-layout-flex\">\n<div class=\"wp-block-column is-vertically-aligned-center is-layout-flow wp-block-column-is-layout-flow\">\n<h2 class=\"wp-block-heading\">Qui nous sommes - Fabricant leader de condensateurs de puissance<\/h2>\n\n\n\n<p>ZHIMING GROUP CO. est situ\u00e9 \u00e0 Yueqing, dans le Zhejiang. Comptant parmi les entreprises r\u00e9gionales illimit\u00e9es de Chine, elle est d\u00e9sormais class\u00e9e parmi les entreprises de haute technologie du Zhejiang.<\/p>\n\n\n\n<p>En tant que fabricant de condensateurs de puissance de premier plan, les produits du ZHIMING GROUP r\u00e9pondent non seulement aux demandes des clients nationaux, mais sont \u00e9galement export\u00e9s vers l'Asie du Sud-Est, l'Am\u00e9rique centrale, la Russie, le Moyen-Orient et d'autres r\u00e9gions. Ils sont largement accept\u00e9s par les utilisateurs. Le groupe adh\u00e8re au principe de \u201cla qualit\u00e9 d'abord, les meilleurs services, la recherche active\u201d. Nous invitons sinc\u00e8rement les amis nationaux et internationaux \u00e0 coop\u00e9rer avec nous pour construire un avenir brillant. En tant que fabricant leader de condensateurs de puissance, ZHIMING GROUP CO. s'engage \u00e0 fournir des batteries de condensateurs de puissance et des solutions de correction du facteur de puissance de haute qualit\u00e9.<\/p>\n<\/div>\n\n\n\n<div class=\"wp-block-column is-vertically-aligned-center is-layout-flow wp-block-column-is-layout-flow\"><div class=\"wp-block-image\">\n<figure class=\"aligncenter size-full\"><img fetchpriority=\"high\" decoding=\"async\" width=\"1920\" height=\"1080\" src=\"https:\/\/mediumslateblue-chimpanzee-835813.hostingersite.com\/wp-content\/uploads\/2025\/09\/ZhiMing-power-capacitor-factory10-1.webp\" alt=\"Usine de condensateurs de puissance de ZhiMing\" class=\"wp-image-819\" srcset=\"https:\/\/zmgs-global.com\/wp-content\/uploads\/2025\/09\/ZhiMing-power-capacitor-factory10-1.webp 1920w, https:\/\/zmgs-global.com\/wp-content\/uploads\/2025\/09\/ZhiMing-power-capacitor-factory10-1-768x432.webp 768w, https:\/\/zmgs-global.com\/wp-content\/uploads\/2025\/09\/ZhiMing-power-capacitor-factory10-1-1536x864.webp 1536w\" sizes=\"(max-width: 1920px) 100vw, 1920px\" \/><\/figure><\/div><\/div>\n<\/div>\n\n\n\n<div class=\"wp-block-columns are-vertically-aligned-center is-layout-flex wp-container-core-columns-is-layout-9d6595d7 wp-block-columns-is-layout-flex\">\n<div class=\"wp-block-column is-vertically-aligned-center is-layout-flow wp-block-column-is-layout-flow\">\n<div class=\"wp-block-columns is-layout-flex wp-container-core-columns-is-layout-9d6595d7 wp-block-columns-is-layout-flex\">\n<div class=\"wp-block-column is-layout-flow wp-block-column-is-layout-flow\"><div class=\"wp-block-image\">\n<figure class=\"aligncenter size-full\"><img decoding=\"async\" width=\"878\" height=\"588\" src=\"https:\/\/mediumslateblue-chimpanzee-835813.hostingersite.com\/wp-content\/uploads\/2025\/09\/CJ19-Series-AC-contactor-for-switching-shunt-capacitor.webp\" alt=\"S\u00e9rie CJ19 Contacteur AC pour la commutation de condensateurs shunt\" class=\"wp-image-801\" srcset=\"https:\/\/zmgs-global.com\/wp-content\/uploads\/2025\/09\/CJ19-Series-AC-contactor-for-switching-shunt-capacitor.webp 878w, https:\/\/zmgs-global.com\/wp-content\/uploads\/2025\/09\/CJ19-Series-AC-contactor-for-switching-shunt-capacitor-768x514.webp 768w\" sizes=\"(max-width: 878px) 100vw, 878px\" \/><\/figure><\/div><\/div>\n\n\n\n<div class=\"wp-block-column is-layout-flow wp-block-column-is-layout-flow\"><div class=\"wp-block-image\">\n<figure class=\"aligncenter size-full\"><img decoding=\"async\" width=\"878\" height=\"587\" src=\"https:\/\/mediumslateblue-chimpanzee-835813.hostingersite.com\/wp-content\/uploads\/2025\/09\/ZMZ-D-series-intelligent-integrated-low-voltage-filtering-power-capacitor.webp\" alt=\"Condensateur de puissance \u00e0 filtrage int\u00e9gr\u00e9 intelligent \u00e0 basse tension de la s\u00e9rie ZMZ-D\" class=\"wp-image-799\" srcset=\"https:\/\/zmgs-global.com\/wp-content\/uploads\/2025\/09\/ZMZ-D-series-intelligent-integrated-low-voltage-filtering-power-capacitor.webp 878w, https:\/\/zmgs-global.com\/wp-content\/uploads\/2025\/09\/ZMZ-D-series-intelligent-integrated-low-voltage-filtering-power-capacitor-768x513.webp 768w\" sizes=\"(max-width: 878px) 100vw, 878px\" \/><\/figure><\/div><\/div>\n<\/div>\n\n\n\n<div class=\"wp-block-columns is-layout-flex wp-container-core-columns-is-layout-9d6595d7 wp-block-columns-is-layout-flex\">\n<div class=\"wp-block-column is-layout-flow wp-block-column-is-layout-flow\"><div class=\"wp-block-image\">\n<figure class=\"aligncenter size-full\"><img loading=\"lazy\" decoding=\"async\" width=\"878\" height=\"588\" src=\"https:\/\/mediumslateblue-chimpanzee-835813.hostingersite.com\/wp-content\/uploads\/2025\/09\/JKL5C-Reactive-power-auto-compensation-controller.webp\" alt=\"JKL5C Contr\u00f4leur de compensation automatique de la puissance r\u00e9active\" class=\"wp-image-797\" srcset=\"https:\/\/zmgs-global.com\/wp-content\/uploads\/2025\/09\/JKL5C-Reactive-power-auto-compensation-controller.webp 878w, https:\/\/zmgs-global.com\/wp-content\/uploads\/2025\/09\/JKL5C-Reactive-power-auto-compensation-controller-768x514.webp 768w\" sizes=\"(max-width: 878px) 100vw, 878px\" \/><\/figure><\/div><\/div>\n\n\n\n<div class=\"wp-block-column is-layout-flow wp-block-column-is-layout-flow\"><div class=\"wp-block-image\">\n<figure class=\"aligncenter size-full\"><img loading=\"lazy\" decoding=\"async\" width=\"878\" height=\"588\" src=\"https:\/\/mediumslateblue-chimpanzee-835813.hostingersite.com\/wp-content\/uploads\/2025\/09\/capacitor-bank.webp\" alt=\"batterie de condensateurs\" class=\"wp-image-788\" srcset=\"https:\/\/zmgs-global.com\/wp-content\/uploads\/2025\/09\/capacitor-bank.webp 878w, https:\/\/zmgs-global.com\/wp-content\/uploads\/2025\/09\/capacitor-bank-768x514.webp 768w\" sizes=\"(max-width: 878px) 100vw, 878px\" \/><\/figure><\/div><\/div>\n<\/div>\n<\/div>\n\n\n\n<div class=\"wp-block-column is-vertically-aligned-center is-layout-flow wp-block-column-is-layout-flow\">\n<h2 class=\"wp-block-heading\">Ce que nous proposons<\/h2>\n\n\n\n<p>Le groupe est sp\u00e9cialis\u00e9 dans la production de condensateurs de puissance haute et basse tension, de condensateurs int\u00e9gr\u00e9s intelligents, de commutateurs de condensateurs, de contr\u00f4leurs de compensation de la puissance r\u00e9active, de dispositifs de compensation de la puissance r\u00e9active, de condensateurs de puissance monophas\u00e9s, de compteurs d'\u00e9nergie triphas\u00e9s, de compteurs multifonctionnels triphas\u00e9s, de compteurs d'\u00e9nergie intelligents pour utilisateurs multiples, etc. Gr\u00e2ce \u00e0 la recherche personnelle et \u00e0 la coop\u00e9ration, le groupe continue de d\u00e9velopper de nouveaux produits, dont beaucoup r\u00e9pondent aux normes internationales. La soci\u00e9t\u00e9 a obtenu les titres d'entreprise de haute technologie, d'entreprise technique, d'entreprise de cr\u00e9dit priv\u00e9 et d'entreprise typique de gestion du cr\u00e9dit. Dot\u00e9e de solides capacit\u00e9s techniques, l'entreprise a obtenu de nombreux brevets techniques. Son centre de recherche est reconnu comme un centre de recherche technique de Wenzhou.<\/p>\n<\/div>\n<\/div>\n\n\n\n<div class=\"wp-block-columns mb-60 is-layout-flex wp-container-core-columns-is-layout-9d6595d7 wp-block-columns-is-layout-flex\">\n<div class=\"wp-block-column is-layout-flow wp-block-column-is-layout-flow\">\n<div class=\"wp-block-cover\"><img loading=\"lazy\" decoding=\"async\" width=\"891\" height=\"499\" class=\"wp-block-cover__image-background wp-image-51 size-full\" alt=\"Vision\" src=\"https:\/\/mediumslateblue-chimpanzee-835813.hostingersite.com\/wp-content\/uploads\/2025\/07\/25130419277v.jpg\" data-object-fit=\"cover\" srcset=\"https:\/\/zmgs-global.com\/wp-content\/uploads\/2025\/07\/25130419277v.jpg 891w, https:\/\/zmgs-global.com\/wp-content\/uploads\/2025\/07\/25130419277v-768x430.jpg 768w\" sizes=\"(max-width: 891px) 100vw, 891px\" \/><span aria-hidden=\"true\" class=\"wp-block-cover__background has-black-background-color has-background-dim\"><\/span><div class=\"wp-block-cover__inner-container is-layout-constrained wp-block-cover-is-layout-constrained\">\n<h2 class=\"wp-block-heading\"><strong>Vision<\/strong><\/h2>\n\n\n\n<p>Devenir un leader international chaleureux dans le domaine de l'\u00e9lectricit\u00e9 basse tension.<\/p>\n<\/div><\/div>\n<\/div>\n\n\n\n<div class=\"wp-block-column is-layout-flow wp-block-column-is-layout-flow\">\n<div class=\"wp-block-cover has-white-color has-text-color has-link-color wp-elements-9bec533d97fdbaba865b27404b7b83c9\"><img loading=\"lazy\" decoding=\"async\" width=\"891\" height=\"499\" class=\"wp-block-cover__image-background wp-image-50 size-full\" alt=\"MISSION\" src=\"https:\/\/mediumslateblue-chimpanzee-835813.hostingersite.com\/wp-content\/uploads\/2025\/07\/25141552zpdj.jpg\" data-object-fit=\"cover\" srcset=\"https:\/\/zmgs-global.com\/wp-content\/uploads\/2025\/07\/25141552zpdj.jpg 891w, https:\/\/zmgs-global.com\/wp-content\/uploads\/2025\/07\/25141552zpdj-768x430.jpg 768w\" sizes=\"(max-width: 891px) 100vw, 891px\" \/><span aria-hidden=\"true\" class=\"wp-block-cover__background has-black-background-color has-background-dim\"><\/span><div class=\"wp-block-cover__inner-container is-layout-constrained wp-block-cover-is-layout-constrained\">\n<h2 class=\"wp-block-heading\"><strong>La mission<\/strong><\/h2>\n\n\n\n<p>Servir avec passion les march\u00e9s \u00e9mergents mondiaux, en fournissant des produits et services \u00e9lectriques basse tension rentables, accessibles et fiables \u00e0 plus de six milliards de personnes, \u00e0 la maison et au travail.<\/p>\n<\/div><\/div>\n<\/div>\n\n\n\n<div class=\"wp-block-column is-layout-flow wp-block-column-is-layout-flow\">\n<div class=\"wp-block-cover\"><img loading=\"lazy\" decoding=\"async\" width=\"891\" height=\"499\" class=\"wp-block-cover__image-background wp-image-49 size-full\" alt=\"VALEURS\" src=\"https:\/\/mediumslateblue-chimpanzee-835813.hostingersite.com\/wp-content\/uploads\/2025\/07\/25135627klkz.jpg\" data-object-fit=\"cover\" srcset=\"https:\/\/zmgs-global.com\/wp-content\/uploads\/2025\/07\/25135627klkz.jpg 891w, https:\/\/zmgs-global.com\/wp-content\/uploads\/2025\/07\/25135627klkz-768x430.jpg 768w\" sizes=\"(max-width: 891px) 100vw, 891px\" \/><span aria-hidden=\"true\" class=\"wp-block-cover__background has-black-background-color has-background-dim\"><\/span><div class=\"wp-block-cover__inner-container is-layout-constrained wp-block-cover-is-layout-constrained\">\n<h2 class=\"wp-block-heading\">Valeurs<\/h2>\n\n\n\n<p>La qualit\u00e9 comme fondement - L'innovation comme moteur - Le service comme engagement - Le gagnant-gagnant comme principe<\/p>\n<\/div><\/div>\n<\/div>\n<\/div>\n\n\n\n<div class=\"wp-block-columns are-vertically-aligned-center mb-60 is-layout-flex wp-container-core-columns-is-layout-9d6595d7 wp-block-columns-is-layout-flex\">\n<div class=\"wp-block-column is-vertically-aligned-center is-layout-flow wp-block-column-is-layout-flow\" style=\"flex-basis:33.33%\">\n<h2 class=\"wp-block-heading\">Visitez notre usine<\/h2>\n\n\n\n<p>Avec pour mission de \u201cfournir des solutions de produits personnalis\u00e9es qui rendent les utilisateurs plus heureux\u201d, ZHIMING souhaite devenir une entreprise centenaire pleine de vitalit\u00e9 et d'innovation continue.<\/p>\n<\/div>\n\n\n\n<div class=\"wp-block-column is-vertically-aligned-center is-layout-flow wp-block-column-is-layout-flow\" style=\"flex-basis:66.66%\">\n<div class=\"wp-block-columns is-layout-flex wp-container-core-columns-is-layout-9d6595d7 wp-block-columns-is-layout-flex\">\n<div class=\"wp-block-column is-layout-flow wp-block-column-is-layout-flow\">\n<figure class=\"wp-block-image size-full\"><img loading=\"lazy\" decoding=\"async\" width=\"1920\" height=\"1080\" src=\"https:\/\/mediumslateblue-chimpanzee-835813.hostingersite.com\/wp-content\/uploads\/2025\/09\/ZhiMing-power-capacitor-factory14.webp\" alt=\"Usine de condensateurs de puissance de ZhiMing\" class=\"wp-image-823\" srcset=\"https:\/\/zmgs-global.com\/wp-content\/uploads\/2025\/09\/ZhiMing-power-capacitor-factory14.webp 1920w, https:\/\/zmgs-global.com\/wp-content\/uploads\/2025\/09\/ZhiMing-power-capacitor-factory14-768x432.webp 768w, https:\/\/zmgs-global.com\/wp-content\/uploads\/2025\/09\/ZhiMing-power-capacitor-factory14-1536x864.webp 1536w\" sizes=\"(max-width: 1920px) 100vw, 1920px\" \/><\/figure>\n<\/div>\n\n\n\n<div class=\"wp-block-column is-layout-flow wp-block-column-is-layout-flow\"><div class=\"wp-block-image\">\n<figure class=\"aligncenter size-full\"><img loading=\"lazy\" decoding=\"async\" width=\"1920\" height=\"1080\" src=\"https:\/\/mediumslateblue-chimpanzee-835813.hostingersite.com\/wp-content\/uploads\/2025\/09\/ZhiMing-power-capacitor-factory13.webp\" alt=\"Usine de condensateurs de puissance de ZhiMing\" class=\"wp-image-822\" srcset=\"https:\/\/zmgs-global.com\/wp-content\/uploads\/2025\/09\/ZhiMing-power-capacitor-factory13.webp 1920w, https:\/\/zmgs-global.com\/wp-content\/uploads\/2025\/09\/ZhiMing-power-capacitor-factory13-768x432.webp 768w, https:\/\/zmgs-global.com\/wp-content\/uploads\/2025\/09\/ZhiMing-power-capacitor-factory13-1536x864.webp 1536w\" sizes=\"(max-width: 1920px) 100vw, 1920px\" \/><\/figure><\/div><\/div>\n\n\n\n<div class=\"wp-block-column is-layout-flow wp-block-column-is-layout-flow\"><div class=\"wp-block-image\">\n<figure class=\"aligncenter size-full\"><img loading=\"lazy\" decoding=\"async\" width=\"1920\" height=\"1080\" src=\"https:\/\/mediumslateblue-chimpanzee-835813.hostingersite.com\/wp-content\/uploads\/2025\/09\/ZhiMing-power-capacitor-factory11.webp\" alt=\"Usine de condensateurs de puissance de ZhiMing\" class=\"wp-image-820\" srcset=\"https:\/\/zmgs-global.com\/wp-content\/uploads\/2025\/09\/ZhiMing-power-capacitor-factory11.webp 1920w, https:\/\/zmgs-global.com\/wp-content\/uploads\/2025\/09\/ZhiMing-power-capacitor-factory11-768x432.webp 768w, https:\/\/zmgs-global.com\/wp-content\/uploads\/2025\/09\/ZhiMing-power-capacitor-factory11-1536x864.webp 1536w\" sizes=\"(max-width: 1920px) 100vw, 1920px\" \/><\/figure><\/div><\/div>\n<\/div>\n\n\n\n<div class=\"wp-block-columns is-layout-flex wp-container-core-columns-is-layout-9d6595d7 wp-block-columns-is-layout-flex\">\n<div class=\"wp-block-column is-layout-flow wp-block-column-is-layout-flow\"><div class=\"wp-block-image\">\n<figure class=\"aligncenter size-full\"><img loading=\"lazy\" decoding=\"async\" width=\"1920\" height=\"1080\" src=\"https:\/\/mediumslateblue-chimpanzee-835813.hostingersite.com\/wp-content\/uploads\/2025\/09\/ZhiMing-power-capacitor-factory9-1.webp\" alt=\"Usine de condensateurs de puissance de ZhiMing\" class=\"wp-image-818\" srcset=\"https:\/\/zmgs-global.com\/wp-content\/uploads\/2025\/09\/ZhiMing-power-capacitor-factory9-1.webp 1920w, https:\/\/zmgs-global.com\/wp-content\/uploads\/2025\/09\/ZhiMing-power-capacitor-factory9-1-768x432.webp 768w, https:\/\/zmgs-global.com\/wp-content\/uploads\/2025\/09\/ZhiMing-power-capacitor-factory9-1-1536x864.webp 1536w\" sizes=\"(max-width: 1920px) 100vw, 1920px\" \/><\/figure><\/div><\/div>\n\n\n\n<div class=\"wp-block-column is-layout-flow wp-block-column-is-layout-flow\"><div class=\"wp-block-image\">\n<figure class=\"aligncenter size-full\"><img loading=\"lazy\" decoding=\"async\" width=\"1920\" height=\"1080\" src=\"https:\/\/mediumslateblue-chimpanzee-835813.hostingersite.com\/wp-content\/uploads\/2025\/09\/ZhiMing-power-capacitor-factory3.webp\" alt=\"Usine de condensateurs de puissance de ZhiMing\" class=\"wp-image-812\" srcset=\"https:\/\/zmgs-global.com\/wp-content\/uploads\/2025\/09\/ZhiMing-power-capacitor-factory3.webp 1920w, https:\/\/zmgs-global.com\/wp-content\/uploads\/2025\/09\/ZhiMing-power-capacitor-factory3-768x432.webp 768w, https:\/\/zmgs-global.com\/wp-content\/uploads\/2025\/09\/ZhiMing-power-capacitor-factory3-1536x864.webp 1536w\" sizes=\"(max-width: 1920px) 100vw, 1920px\" \/><\/figure><\/div><\/div>\n\n\n\n<div class=\"wp-block-column is-layout-flow wp-block-column-is-layout-flow\"><div class=\"wp-block-image\">\n<figure class=\"aligncenter size-full\"><img fetchpriority=\"high\" decoding=\"async\" width=\"1920\" height=\"1080\" src=\"https:\/\/mediumslateblue-chimpanzee-835813.hostingersite.com\/wp-content\/uploads\/2025\/09\/ZhiMing-power-capacitor-factory10-1.webp\" alt=\"Usine de condensateurs de puissance de ZhiMing\" class=\"wp-image-819\" srcset=\"https:\/\/zmgs-global.com\/wp-content\/uploads\/2025\/09\/ZhiMing-power-capacitor-factory10-1.webp 1920w, https:\/\/zmgs-global.com\/wp-content\/uploads\/2025\/09\/ZhiMing-power-capacitor-factory10-1-768x432.webp 768w, https:\/\/zmgs-global.com\/wp-content\/uploads\/2025\/09\/ZhiMing-power-capacitor-factory10-1-1536x864.webp 1536w\" sizes=\"(max-width: 1920px) 100vw, 1920px\" \/><\/figure><\/div><\/div>\n<\/div>\n<\/div>\n<\/div>\n\n\n\n<div class=\"wp-block-columns are-vertically-aligned-center mb-60 is-layout-flex wp-container-core-columns-is-layout-9d6595d7 wp-block-columns-is-layout-flex\">\n<div class=\"wp-block-column is-vertically-aligned-center is-layout-flow wp-block-column-is-layout-flow\" style=\"flex-basis:66.66%\">\n<div class=\"wp-block-columns is-layout-flex wp-container-core-columns-is-layout-9d6595d7 wp-block-columns-is-layout-flex\">\n<div class=\"wp-block-column is-layout-flow wp-block-column-is-layout-flow\">\n<figure class=\"wp-block-image size-full\"><img loading=\"lazy\" decoding=\"async\" width=\"800\" height=\"1131\" src=\"https:\/\/mediumslateblue-chimpanzee-835813.hostingersite.com\/wp-content\/uploads\/2025\/07\/cXPMcBhzQ8.webp\" alt=\"certificat\" class=\"wp-image-140\" srcset=\"https:\/\/zmgs-global.com\/wp-content\/uploads\/2025\/07\/cXPMcBhzQ8.webp 800w, https:\/\/zmgs-global.com\/wp-content\/uploads\/2025\/07\/cXPMcBhzQ8-768x1086.webp 768w\" sizes=\"(max-width: 800px) 100vw, 800px\" \/><\/figure>\n<\/div>\n\n\n\n<div class=\"wp-block-column is-layout-flow wp-block-column-is-layout-flow\">\n<figure class=\"wp-block-image size-full\"><img loading=\"lazy\" decoding=\"async\" width=\"800\" height=\"1131\" src=\"https:\/\/mediumslateblue-chimpanzee-835813.hostingersite.com\/wp-content\/uploads\/2025\/07\/YQcC6nEQWm.webp\" alt=\"certificat\" class=\"wp-image-141\" srcset=\"https:\/\/zmgs-global.com\/wp-content\/uploads\/2025\/07\/YQcC6nEQWm.webp 800w, https:\/\/zmgs-global.com\/wp-content\/uploads\/2025\/07\/YQcC6nEQWm-768x1086.webp 768w\" sizes=\"(max-width: 800px) 100vw, 800px\" \/><\/figure>\n<\/div>\n\n\n\n<div class=\"wp-block-column is-layout-flow wp-block-column-is-layout-flow\">\n<figure class=\"wp-block-image size-full\"><img loading=\"lazy\" decoding=\"async\" width=\"1275\" height=\"1753\" src=\"https:\/\/mediumslateblue-chimpanzee-835813.hostingersite.com\/wp-content\/uploads\/2025\/07\/n4kWNTxwwQ.webp\" alt=\"certificat\" class=\"wp-image-142\" srcset=\"https:\/\/zmgs-global.com\/wp-content\/uploads\/2025\/07\/n4kWNTxwwQ.webp 1275w, https:\/\/zmgs-global.com\/wp-content\/uploads\/2025\/07\/n4kWNTxwwQ-768x1056.webp 768w, https:\/\/zmgs-global.com\/wp-content\/uploads\/2025\/07\/n4kWNTxwwQ-1117x1536.webp 1117w\" sizes=\"(max-width: 1275px) 100vw, 1275px\" \/><\/figure>\n<\/div>\n<\/div>\n<\/div>\n\n\n\n<div class=\"wp-block-column is-vertically-aligned-center is-layout-flow wp-block-column-is-layout-flow\" style=\"flex-basis:33.33%\">\n<h2 class=\"wp-block-heading\">Nous sommes soutenus par des accolades et des certifications<\/h2>\n\n\n\n<p>Le groupe ZHIMING adh\u00e8re constamment aux normes internationales, garantissant rigoureusement la qualit\u00e9 et la s\u00e9curit\u00e9 des produits. Nous sommes fiers de d\u00e9tenir de nombreuses certifications faisant autorit\u00e9, notamment<strong>Certification des entreprises nationales de haute technologie<\/strong>,<strong>Certification du syst\u00e8me de gestion de la qualit\u00e9 ISO<\/strong>et<strong>Certification internationale de s\u00e9curit\u00e9 CE<\/strong>-Chacune de ces r\u00e9f\u00e9rences t\u00e9moigne de notre expertise technologique et de notre engagement en faveur de l'excellence.<\/p>\n<\/div>\n<\/div>","protected":false},"excerpt":{"rendered":"Who we are &#8211; Leading power capacitor manufacturer ZHIMING GROUP CO., LTD. is located in Yueqing, Zhejiang. As one of China&#8217;s unlimited regional enterprises, it is now classified as a Zhejiang Hi-tech Enterprise. As a leading power capacitor manufacturer, ZHIMING GROUP&#8217;s products not only meet the demands of domestic customers but are also exported to [&hellip;]","protected":false},"author":1,"featured_media":121,"parent":0,"menu_order":0,"comment_status":"closed","ping_status":"closed","template":"page-about.php","meta":{"footnotes":""},"class_list":["post-7","page","type-page","status-publish","has-post-thumbnail","hentry"],"acf":[],"_links":{"self":[{"href":"https:\/\/zmgs-global.com\/fr\/wp-json\/wp\/v2\/pages\/7","targetHints":{"allow":["GET"]}}],"collection":[{"href":"https:\/\/zmgs-global.com\/fr\/wp-json\/wp\/v2\/pages"}],"about":[{"href":"https:\/\/zmgs-global.com\/fr\/wp-json\/wp\/v2\/types\/page"}],"author":[{"embeddable":true,"href":"https:\/\/zmgs-global.com\/fr\/wp-json\/wp\/v2\/users\/1"}],"replies":[{"embeddable":true,"href":"https:\/\/zmgs-global.com\/fr\/wp-json\/wp\/v2\/comments?post=7"}],"version-history":[{"count":0,"href":"https:\/\/zmgs-global.com\/fr\/wp-json\/wp\/v2\/pages\/7\/revisions"}],"wp:featuredmedia":[{"embeddable":true,"href":"https:\/\/zmgs-global.com\/fr\/wp-json\/wp\/v2\/media\/121"}],"wp:attachment":[{"href":"https:\/\/zmgs-global.com\/fr\/wp-json\/wp\/v2\/media?parent=7"}],"curies":[{"name":"wp","href":"https:\/\/api.w.org\/{rel}","templated":true}]}}